{"id":12,"date":"2024-10-09T18:04:31","date_gmt":"2024-10-09T16:04:31","guid":{"rendered":"https:\/\/coursesdecotedalsace.fr\/?page_id=12"},"modified":"2024-10-16T15:20:56","modified_gmt":"2024-10-16T13:20:56","slug":"bourbach","status":"publish","type":"page","link":"https:\/\/coursesdecotedalsace.fr\/?page_id=12","title":{"rendered":"Bourbach"},"content":{"rendered":"\n<p>La course de c\u00f4te de Bourbach-le-Haut s&rsquo;est d\u00e9roul\u00e9e entre 1970 et 1991, g\u00e9n\u00e9ralement d\u00e9but mai, sur la route dite \u00ab&nbsp;Joffre&nbsp;\u00bb reliant le village de Bourbach-le-Haut au col du Hundsruck distant de trois kilom\u00e8tres.<\/p>\n\n\n\n<p>Tous les plus grands pilotes de la discipline s&rsquo;y sont impos\u00e9s, d&rsquo;Herv\u00e9 BAYARD en 1970 \u00e0 Daniel BOCCARD en 1991, en passant par les PIGNARD, DEBIAS, SOURD et bien \u00e9videmment le roi Marcel TARRES vainqueur ici m\u00eame \u00e0 neuf reprises.<\/p>\n\n\n\n<p>Retrouvez chacune de ces vingt-deux \u00e9ditions en parcourant les sous-menus de l&rsquo;onglet \u00ab&nbsp;Edition&nbsp;\u00bb<\/p>\n\n\n\n<p><strong>Un livre de 140 pages et plus de 200 photos reprenant en d\u00e9tail ces courses est\u00a0disponible\u00a0 aupr\u00e8s de l\u2019auteur au prix de 30 euros. (Voir onglet \u00ab\u00a0Commande\u00a0\u00bb)<\/strong>                               <\/p>\n\n\n\n<ul class=\"wp-block-list\">\n<li><strong><em>Actuellement \u00e9puis\u00e9<\/em><\/strong> <\/li>\n<\/ul>\n\n\n\n<p><\/p>\n\n\n\n<figure class=\"wp-block-image size-large\"><img loading=\"lazy\" decoding=\"async\" width=\"736\" height=\"1024\" src=\"https:\/\/coursesdecotedalsace.fr\/wp-content\/uploads\/2024\/10\/3-Bourbach-736x1024.jpg\" alt=\"\" class=\"wp-image-159\" srcset=\"https:\/\/coursesdecotedalsace.fr\/wp-content\/uploads\/2024\/10\/3-Bourbach-736x1024.jpg 736w, https:\/\/coursesdecotedalsace.fr\/wp-content\/uploads\/2024\/10\/3-Bourbach-216x300.jpg 216w, https:\/\/coursesdecotedalsace.fr\/wp-content\/uploads\/2024\/10\/3-Bourbach-768x1068.jpg 768w, https:\/\/coursesdecotedalsace.fr\/wp-content\/uploads\/2024\/10\/3-Bourbach-1105x1536.jpg 1105w, https:\/\/coursesdecotedalsace.fr\/wp-content\/uploads\/2024\/10\/3-Bourbach-1473x2048.jpg 1473w, https:\/\/coursesdecotedalsace.fr\/wp-content\/uploads\/2024\/10\/3-Bourbach.jpg 1657w\" sizes=\"auto, (max-width: 736px) 100vw, 736px\" \/><\/figure>\n","protected":false},"excerpt":{"rendered":"<p>La course de c\u00f4te de Bourbach-le-Haut s&rsquo;est d\u00e9roul\u00e9e entre 1970 et 1991, g\u00e9n\u00e9ralement d\u00e9but mai, sur la route dite \u00ab&nbsp;Joffre&nbsp;\u00bb reliant le village de Bourbach-le-Haut au col du Hundsruck distant de trois kilom\u00e8tres. Tous les plus grands pilotes de la discipline s&rsquo;y sont impos\u00e9s, d&rsquo;Herv\u00e9 BAYARD en 1970 \u00e0 Daniel BOCCARD en 1991, en passant [&hellip;]<\/p>\n","protected":false},"author":1,"featured_media":0,"parent":0,"menu_order":0,"comment_status":"closed","ping_status":"closed","template":"","meta":{"footnotes":""},"class_list":["post-12","page","type-page","status-publish","hentry"],"_links":{"self":[{"href":"https:\/\/coursesdecotedalsace.fr\/index.php?rest_route=\/wp\/v2\/pages\/12","targetHints":{"allow":["GET"]}}],"collection":[{"href":"https:\/\/coursesdecotedalsace.fr\/index.php?rest_route=\/wp\/v2\/pages"}],"about":[{"href":"https:\/\/coursesdecotedalsace.fr\/index.php?rest_route=\/wp\/v2\/types\/page"}],"author":[{"embeddable":true,"href":"https:\/\/coursesdecotedalsace.fr\/index.php?rest_route=\/wp\/v2\/users\/1"}],"replies":[{"embeddable":true,"href":"https:\/\/coursesdecotedalsace.fr\/index.php?rest_route=%2Fwp%2Fv2%2Fcomments&post=12"}],"version-history":[{"count":4,"href":"https:\/\/coursesdecotedalsace.fr\/index.php?rest_route=\/wp\/v2\/pages\/12\/revisions"}],"predecessor-version":[{"id":162,"href":"https:\/\/coursesdecotedalsace.fr\/index.php?rest_route=\/wp\/v2\/pages\/12\/revisions\/162"}],"wp:attachment":[{"href":"https:\/\/coursesdecotedalsace.fr\/index.php?rest_route=%2Fwp%2Fv2%2Fmedia&parent=12"}],"curies":[{"name":"wp","href":"https:\/\/api.w.org\/{rel}","templated":true}]}}