{"id":14,"date":"2024-10-09T18:04:40","date_gmt":"2024-10-09T16:04:40","guid":{"rendered":"https:\/\/coursesdecotedalsace.fr\/?page_id=14"},"modified":"2024-10-16T15:50:02","modified_gmt":"2024-10-16T13:50:02","slug":"fouchy","status":"publish","type":"page","link":"https:\/\/coursesdecotedalsace.fr\/?page_id=14","title":{"rendered":"Fouchy"},"content":{"rendered":"\n<p>Situ\u00e9 \u00e0 608 m\u00e8tres d\u2019altitude, le col de Fouchy relie le Haut-Rhin (Rombach-le-Franc) par la D 48i au Bas-Rhin (Fouchy) par la D 155.<\/p>\n\n\n\n<p>Route \u00e9troite et technique, elle fut parcourue d\u00e8s les ann\u00e9es 60 par de nombreux rallyes (Lyon-Charbonni\u00e8res, Lorraine, Vosges, Tulipes), puis fut le th\u00e9\u00e2tre de la renomm\u00e9e course de c\u00f4te (de Fouchy of course) et enfin, plus r\u00e9cemment dans les ann\u00e9es 2000, accueillit diverses \u00e9ditions du rallye Alsace-Vosges.<\/p>\n\n\n\n<p>La course de c\u00f4te a \u00e9t\u00e9 organis\u00e9e de 1976 \u00e0 1997. Retrouvez chacune de ces vingt-deux \u00e9ditions en parcourant les sous-menus de l\u2019onglet \u00ab&nbsp;Edition&nbsp;\u00bb<\/p>\n\n\n\n<p><strong>Une nouvelle \u00e9dition d<\/strong><strong>u<\/strong><strong> livre de 130 pages et 180 photos reprenant en d\u00e9tail ces courses est&nbsp;disponible&nbsp;aupr\u00e8s de l\u2019auteur au prix de <\/strong><strong>28<\/strong><strong> euros. <\/strong><strong>(Voir onglet \u00ab&nbsp;Commande&nbsp;\u00bb)<\/strong><\/p>\n\n\n\n<ul class=\"wp-block-list\">\n<li><strong><em>Actuellement \u00e9puis\u00e9<\/em><\/strong><\/li>\n<\/ul>\n\n\n\n<figure class=\"wp-block-image size-large\"><img loading=\"lazy\" decoding=\"async\" width=\"743\" height=\"1024\" src=\"https:\/\/coursesdecotedalsace.fr\/wp-content\/uploads\/2024\/10\/3-Fouchy-2-743x1024.jpg\" alt=\"\" class=\"wp-image-187\" srcset=\"https:\/\/coursesdecotedalsace.fr\/wp-content\/uploads\/2024\/10\/3-Fouchy-2-743x1024.jpg 743w, https:\/\/coursesdecotedalsace.fr\/wp-content\/uploads\/2024\/10\/3-Fouchy-2-218x300.jpg 218w, https:\/\/coursesdecotedalsace.fr\/wp-content\/uploads\/2024\/10\/3-Fouchy-2-768x1058.jpg 768w, https:\/\/coursesdecotedalsace.fr\/wp-content\/uploads\/2024\/10\/3-Fouchy-2-1115x1536.jpg 1115w, https:\/\/coursesdecotedalsace.fr\/wp-content\/uploads\/2024\/10\/3-Fouchy-2-1487x2048.jpg 1487w, https:\/\/coursesdecotedalsace.fr\/wp-content\/uploads\/2024\/10\/3-Fouchy-2.jpg 1666w\" sizes=\"auto, (max-width: 743px) 100vw, 743px\" \/><\/figure>\n","protected":false},"excerpt":{"rendered":"<p>Situ\u00e9 \u00e0 608 m\u00e8tres d\u2019altitude, le col de Fouchy relie le Haut-Rhin (Rombach-le-Franc) par la D 48i au Bas-Rhin (Fouchy) par la D 155. Route \u00e9troite et technique, elle fut parcourue d\u00e8s les ann\u00e9es 60 par de nombreux rallyes (Lyon-Charbonni\u00e8res, Lorraine, Vosges, Tulipes), puis fut le th\u00e9\u00e2tre de la renomm\u00e9e course de c\u00f4te (de Fouchy [&hellip;]<\/p>\n","protected":false},"author":1,"featured_media":0,"parent":0,"menu_order":0,"comment_status":"closed","ping_status":"closed","template":"","meta":{"footnotes":""},"class_list":["post-14","page","type-page","status-publish","hentry"],"_links":{"self":[{"href":"https:\/\/coursesdecotedalsace.fr\/index.php?rest_route=\/wp\/v2\/pages\/14","targetHints":{"allow":["GET"]}}],"collection":[{"href":"https:\/\/coursesdecotedalsace.fr\/index.php?rest_route=\/wp\/v2\/pages"}],"about":[{"href":"https:\/\/coursesdecotedalsace.fr\/index.php?rest_route=\/wp\/v2\/types\/page"}],"author":[{"embeddable":true,"href":"https:\/\/coursesdecotedalsace.fr\/index.php?rest_route=\/wp\/v2\/users\/1"}],"replies":[{"embeddable":true,"href":"https:\/\/coursesdecotedalsace.fr\/index.php?rest_route=%2Fwp%2Fv2%2Fcomments&post=14"}],"version-history":[{"count":2,"href":"https:\/\/coursesdecotedalsace.fr\/index.php?rest_route=\/wp\/v2\/pages\/14\/revisions"}],"predecessor-version":[{"id":189,"href":"https:\/\/coursesdecotedalsace.fr\/index.php?rest_route=\/wp\/v2\/pages\/14\/revisions\/189"}],"wp:attachment":[{"href":"https:\/\/coursesdecotedalsace.fr\/index.php?rest_route=%2Fwp%2Fv2%2Fmedia&parent=14"}],"curies":[{"name":"wp","href":"https:\/\/api.w.org\/{rel}","templated":true}]}}