{"id":36,"date":"2024-10-12T13:03:50","date_gmt":"2024-10-12T11:03:50","guid":{"rendered":"https:\/\/coursesdecotedalsace.fr\/?page_id=36"},"modified":"2024-11-09T21:19:02","modified_gmt":"2024-11-09T20:19:02","slug":"1970-bourbach","status":"publish","type":"page","link":"https:\/\/coursesdecotedalsace.fr\/?page_id=36","title":{"rendered":"1970"},"content":{"rendered":"\n<p><strong>Bourbach 1970<\/strong><\/p>\n\n\n\n<p>C&rsquo;est le dimanche 12 juillet 1970 que se d\u00e9roule la premi\u00e8re \u00e9dition qui regroupe 67 pilotes.<\/p>\n\n\n\n<p>Compos\u00e9 essentiellement de pilotes locaux et de voisins suisses et allemands, le plateau s&rsquo;honore de la pr\u00e9sence du nordiste Herv\u00e9 BAYARD qui sera sacr\u00e9 champion de France en fin d&rsquo;ann\u00e9e. Celui-ci impose sa Tecno F2 et \u00e9tablit le premier record \u00e0 battre en 1&rsquo;56\u00a0\u00bb1. Il devance la Mc Laren 5000 du strasbourgeois Pierre SOUKRY et la Porsche 910 du vosgien Christian POIROT.<\/p>\n\n\n\n<p>Scratch 1&nbsp;: Herv\u00e9 BAYARD (Tecno F2)&nbsp;: 1&rsquo;56\u2019\u20191<\/p>\n\n\n\n<p>Scratch 2&nbsp;: Pierre SOUKRY (Mc Laren F5000)&nbsp;: 1&rsquo;58\u2019\u20192<\/p>\n\n\n\n<p>Scratch 3&nbsp;: Christian POIROT (Porsche 910)&nbsp;: 2&rsquo;00\u2019\u20192<\/p>\n\n\n\n<p>Groupe 1&nbsp;: Jean-Pierre FAIVRE (Renault 8G)&nbsp;: 2&rsquo;30\u2019\u20196<\/p>\n\n\n\n<p>Groupe 2&nbsp;: Gerd SCHOECHLIN (BMW 2002 ti)&nbsp;: 2&rsquo;08\u2019\u20193<\/p>\n\n\n\n<p>Groupe 3&nbsp;: Eric CHAPUIS (Porsche 911)&nbsp;: 2&rsquo;15\u2019\u201900<\/p>\n\n\n\n<p>Groupe 4&nbsp;: Rolf GOERING (Porsche 911)&nbsp;: 2&rsquo;10\u2019\u201900<\/p>\n\n\n\n<p>Groupe 5-6-7&nbsp;: Christian POIROT (Porsche 910)&nbsp;: 2&rsquo;00\u2019\u2019&rsquo;2<\/p>\n\n\n\n<p>Groupe 8-9&nbsp;: Herv\u00e9 BAYARD (Tecno F2)&nbsp;: 1&rsquo;56\u2019\u20191<\/p>\n\n\n\n<div class=\"wp-block-file\"><a id=\"wp-block-file--media-b90bc5c6-5808-4bb1-9034-f54029afe519\" href=\"https:\/\/coursesdecotedalsace.fr\/wp-content\/uploads\/2024\/10\/Classement-1970-B.pdf\" target=\"_blank\" rel=\"noreferrer noopener\">Classement 1970 Bourbach<\/a><\/div>\n\n\n\n<div class=\"wp-block-file\"><\/div>\n\n\n\n<p><\/p>\n","protected":false},"excerpt":{"rendered":"<p>Bourbach 1970 C&rsquo;est le dimanche 12 juillet 1970 que se d\u00e9roule la premi\u00e8re \u00e9dition qui regroupe 67 pilotes. Compos\u00e9 essentiellement de pilotes locaux et de voisins suisses et allemands, le plateau s&rsquo;honore de la pr\u00e9sence du nordiste Herv\u00e9 BAYARD qui sera sacr\u00e9 champion de France en fin d&rsquo;ann\u00e9e. Celui-ci impose sa Tecno F2 et \u00e9tablit [&hellip;]<\/p>\n","protected":false},"author":1,"featured_media":0,"parent":12,"menu_order":0,"comment_status":"closed","ping_status":"closed","template":"","meta":{"footnotes":""},"class_list":["post-36","page","type-page","status-publish","hentry"],"_links":{"self":[{"href":"https:\/\/coursesdecotedalsace.fr\/index.php?rest_route=\/wp\/v2\/pages\/36","targetHints":{"allow":["GET"]}}],"collection":[{"href":"https:\/\/coursesdecotedalsace.fr\/index.php?rest_route=\/wp\/v2\/pages"}],"about":[{"href":"https:\/\/coursesdecotedalsace.fr\/index.php?rest_route=\/wp\/v2\/types\/page"}],"author":[{"embeddable":true,"href":"https:\/\/coursesdecotedalsace.fr\/index.php?rest_route=\/wp\/v2\/users\/1"}],"replies":[{"embeddable":true,"href":"https:\/\/coursesdecotedalsace.fr\/index.php?rest_route=%2Fwp%2Fv2%2Fcomments&post=36"}],"version-history":[{"count":9,"href":"https:\/\/coursesdecotedalsace.fr\/index.php?rest_route=\/wp\/v2\/pages\/36\/revisions"}],"predecessor-version":[{"id":400,"href":"https:\/\/coursesdecotedalsace.fr\/index.php?rest_route=\/wp\/v2\/pages\/36\/revisions\/400"}],"up":[{"embeddable":true,"href":"https:\/\/coursesdecotedalsace.fr\/index.php?rest_route=\/wp\/v2\/pages\/12"}],"wp:attachment":[{"href":"https:\/\/coursesdecotedalsace.fr\/index.php?rest_route=%2Fwp%2Fv2%2Fmedia&parent=36"}],"curies":[{"name":"wp","href":"https:\/\/api.w.org\/{rel}","templated":true}]}}