{"id":38,"date":"2024-10-12T13:06:49","date_gmt":"2024-10-12T11:06:49","guid":{"rendered":"https:\/\/coursesdecotedalsace.fr\/?page_id=38"},"modified":"2024-10-18T22:43:23","modified_gmt":"2024-10-18T20:43:23","slug":"1972-2","status":"publish","type":"page","link":"https:\/\/coursesdecotedalsace.fr\/?page_id=38","title":{"rendered":"1972"},"content":{"rendered":"\n<p><strong>Bourbach 1972<\/strong><\/p>\n\n\n\n<p>Initialement r\u00e9serv\u00e9 aux \u00ab&nbsp;sport-proto&nbsp;\u00bb le championnat de la Montagne s&rsquo;est ouvert aux monoplaces \u00e0 partir de 1969 et l&rsquo;opposition entre les deux \u00e9coles reste farouche. C&rsquo;est un fid\u00e8le des \u00ab&nbsp;Barquettes&nbsp;\u00bb qui l&#8217;emporte \u00e0 Bourbach, le dijonnais Nello CHELI sur sa Lola T290. Le suisse JOLIAT monte cette fois sur la deuxi\u00e8me marche du podium alors que la troisi\u00e8me est occup\u00e9e par la Porsche 910 du fid\u00e8le Christian POIROT.<\/p>\n\n\n\n<p>Scratch 1&nbsp;: Nello CHELI (Lola T290)&nbsp;: 1&rsquo;58\u00a0\u00bb6<\/p>\n\n\n\n<p>Scratch 2&nbsp;: Jacques JOLIAT (Brabham F2)&nbsp;: 1&rsquo;59\u00a0\u00bb4<\/p>\n\n\n\n<p>Scratch 3&nbsp;: Christian POIROT (Porsche 910)&nbsp;: 2&rsquo;00\u00a0\u00bb2<\/p>\n\n\n\n<p>Groupe 1&nbsp;: Guy FREQUELIN (Alfa Rom\u00e9o 2000)&nbsp;: 2&rsquo;19\u00a0\u00bb8<\/p>\n\n\n\n<p>Groupe 2&nbsp;: Aim\u00e9 DIRAND (BMW 2002 ti)&nbsp;: 2&rsquo;08\u00a0\u00bb7<\/p>\n\n\n\n<p>Groupe 3&nbsp;: Francis ROUSSELY (Alpine A110)&nbsp;: 2&rsquo;14\u00a0\u00bb4<\/p>\n\n\n\n<p>Groupe 4&nbsp;: Freddy ROLAND (Alpine A110)&nbsp;: 2&rsquo;06\u00a0\u00bb4<\/p>\n\n\n\n<p>Groupe 5-6-7&nbsp;: Nello CHELI (Lola T290)&nbsp;: 1&rsquo;58\u00a0\u00bb6<\/p>\n\n\n\n<p>Groupe 8-9&nbsp;: Jacques JOLIAT (Brabham F2)&nbsp;: 1&rsquo;59\u00a0\u00bb4<\/p>\n\n\n\n<div class=\"wp-block-file\"><a id=\"wp-block-file--media-e236c286-38ff-4f68-8d45-c30328fe41ba\" href=\"https:\/\/coursesdecotedalsace.fr\/wp-content\/uploads\/2024\/10\/Classement-1972-B.pdf\" target=\"_blank\" rel=\"noreferrer noopener\">Classement 1972 Bourbach<\/a><\/div>\n\n\n\n<p><\/p>\n","protected":false},"excerpt":{"rendered":"<p>Bourbach 1972 Initialement r\u00e9serv\u00e9 aux \u00ab&nbsp;sport-proto&nbsp;\u00bb le championnat de la Montagne s&rsquo;est ouvert aux monoplaces \u00e0 partir de 1969 et l&rsquo;opposition entre les deux \u00e9coles reste farouche. C&rsquo;est un fid\u00e8le des \u00ab&nbsp;Barquettes&nbsp;\u00bb qui l&#8217;emporte \u00e0 Bourbach, le dijonnais Nello CHELI sur sa Lola T290. Le suisse JOLIAT monte cette fois sur la deuxi\u00e8me marche du [&hellip;]<\/p>\n","protected":false},"author":1,"featured_media":0,"parent":12,"menu_order":0,"comment_status":"closed","ping_status":"closed","template":"","meta":{"footnotes":""},"class_list":["post-38","page","type-page","status-publish","hentry"],"_links":{"self":[{"href":"https:\/\/coursesdecotedalsace.fr\/index.php?rest_route=\/wp\/v2\/pages\/38","targetHints":{"allow":["GET"]}}],"collection":[{"href":"https:\/\/coursesdecotedalsace.fr\/index.php?rest_route=\/wp\/v2\/pages"}],"about":[{"href":"https:\/\/coursesdecotedalsace.fr\/index.php?rest_route=\/wp\/v2\/types\/page"}],"author":[{"embeddable":true,"href":"https:\/\/coursesdecotedalsace.fr\/index.php?rest_route=\/wp\/v2\/users\/1"}],"replies":[{"embeddable":true,"href":"https:\/\/coursesdecotedalsace.fr\/index.php?rest_route=%2Fwp%2Fv2%2Fcomments&post=38"}],"version-history":[{"count":3,"href":"https:\/\/coursesdecotedalsace.fr\/index.php?rest_route=\/wp\/v2\/pages\/38\/revisions"}],"predecessor-version":[{"id":297,"href":"https:\/\/coursesdecotedalsace.fr\/index.php?rest_route=\/wp\/v2\/pages\/38\/revisions\/297"}],"up":[{"embeddable":true,"href":"https:\/\/coursesdecotedalsace.fr\/index.php?rest_route=\/wp\/v2\/pages\/12"}],"wp:attachment":[{"href":"https:\/\/coursesdecotedalsace.fr\/index.php?rest_route=%2Fwp%2Fv2%2Fmedia&parent=38"}],"curies":[{"name":"wp","href":"https:\/\/api.w.org\/{rel}","templated":true}]}}