{"id":45,"date":"2024-10-12T13:06:49","date_gmt":"2024-10-12T11:06:49","guid":{"rendered":"https:\/\/coursesdecotedalsace.fr\/?page_id=45"},"modified":"2024-10-19T21:41:45","modified_gmt":"2024-10-19T19:41:45","slug":"1979-2","status":"publish","type":"page","link":"https:\/\/coursesdecotedalsace.fr\/?page_id=45","title":{"rendered":"1979"},"content":{"rendered":"<p><strong>Bourbach 1979<\/strong><\/p>\n\n\n<p>Le dixi\u00e8me anniversaire de la course de c\u00f4te de Bourbach r\u00e9serve une belle surprise avec la victoire d&rsquo;un quasi inconnu d\u00e9nomm\u00e9 Marcel TARRES qui, non content de remporter la victoire, se permet, en 1&rsquo;38\u00a0\u00bb44, d&rsquo;exploser le record de la mont\u00e9e qui datait de 1976 (1&rsquo;40\u00a0\u00bb40) de pr\u00e8s de deux secondes. Freddy ROLAND et Christian DEBIAS, qui eux aussi battent l&rsquo;ancien record de PIGNARD, l&rsquo;accompagnent sur le podium.<\/p>\n\n\n\n<p>Scratch 1&nbsp;: Marcel TARRES (Ralt RT1)&nbsp;: 1&rsquo;38\u00a0\u00bb44<\/p>\n\n\n\n<p>Scratch 2&nbsp;: Freddy ROLAND (Ralt RT1)&nbsp;: 1&rsquo;39\u00a0\u00bb95<\/p>\n\n\n\n<p>Scratch 3&nbsp;: Christian DEBIAS (Martini MK28)&nbsp;: 1&rsquo;40\u00a0\u00bb26<\/p>\n\n\n\n<p>Groupe 1&nbsp;: Giovanni ROSSI (Opel Commodore GSI)&nbsp;: 2&rsquo;05\u00a0\u00bb15<\/p>\n\n\n\n<p>Groupe 2&nbsp;: Marcel NUSBAUMER (VW Golf LS)&nbsp;: 2&rsquo;03\u00a0\u00bb03<\/p>\n\n\n\n<p>Groupe 3&nbsp;: Gilbert BAUER (Alpine A110)&nbsp;: 2&rsquo;07\u00a0\u00bb82<\/p>\n\n\n\n<p>Groupe 4&nbsp;: Nicolas BUEHRER (Ferrari Daytona)&nbsp;: 1&rsquo;57\u00a0\u00bb54<\/p>\n\n\n\n<p>Groupe 5&nbsp;: Valentin BERTAPELLE (Porsche 911)&nbsp;: 1&rsquo;54\u00a0\u00bb16<\/p>\n\n\n\n<p>Groupe 6&nbsp;: Alain SCHICK (TOJ)&nbsp;: 1&rsquo;49\u00a0\u00bb28<\/p>\n\n\n\n<p>Groupe 7-8&nbsp;: Marcel TARRES (Ralt RT1)&nbsp;: 1&rsquo;38\u00a0\u00bb44<\/p>\n\n\n\n<div class=\"wp-block-file\"><a id=\"wp-block-file--media-8aabe5d0-a607-4e9b-85a7-d1cd4d703b33\" href=\"https:\/\/coursesdecotedalsace.fr\/wp-content\/uploads\/2024\/10\/Classement-1979-B.pdf\" target=\"_blank\" rel=\"noreferrer noopener\">Classement 1979 Bourbach<\/a><\/div>\n\n\n\n<p><\/p>\n","protected":false},"excerpt":{"rendered":"<p>Bourbach 1979 Le dixi\u00e8me anniversaire de la course de c\u00f4te de Bourbach r\u00e9serve une belle surprise avec la victoire d&rsquo;un quasi inconnu d\u00e9nomm\u00e9 Marcel TARRES qui, non content de remporter la victoire, se permet, en 1&rsquo;38\u00a0\u00bb44, d&rsquo;exploser le record de la mont\u00e9e qui datait de 1976 (1&rsquo;40\u00a0\u00bb40) de pr\u00e8s de deux secondes. Freddy ROLAND et [&hellip;]<\/p>\n","protected":false},"author":1,"featured_media":0,"parent":12,"menu_order":0,"comment_status":"closed","ping_status":"closed","template":"","meta":{"footnotes":""},"class_list":["post-45","page","type-page","status-publish","hentry"],"_links":{"self":[{"href":"https:\/\/coursesdecotedalsace.fr\/index.php?rest_route=\/wp\/v2\/pages\/45","targetHints":{"allow":["GET"]}}],"collection":[{"href":"https:\/\/coursesdecotedalsace.fr\/index.php?rest_route=\/wp\/v2\/pages"}],"about":[{"href":"https:\/\/coursesdecotedalsace.fr\/index.php?rest_route=\/wp\/v2\/types\/page"}],"author":[{"embeddable":true,"href":"https:\/\/coursesdecotedalsace.fr\/index.php?rest_route=\/wp\/v2\/users\/1"}],"replies":[{"embeddable":true,"href":"https:\/\/coursesdecotedalsace.fr\/index.php?rest_route=%2Fwp%2Fv2%2Fcomments&post=45"}],"version-history":[{"count":2,"href":"https:\/\/coursesdecotedalsace.fr\/index.php?rest_route=\/wp\/v2\/pages\/45\/revisions"}],"predecessor-version":[{"id":328,"href":"https:\/\/coursesdecotedalsace.fr\/index.php?rest_route=\/wp\/v2\/pages\/45\/revisions\/328"}],"up":[{"embeddable":true,"href":"https:\/\/coursesdecotedalsace.fr\/index.php?rest_route=\/wp\/v2\/pages\/12"}],"wp:attachment":[{"href":"https:\/\/coursesdecotedalsace.fr\/index.php?rest_route=%2Fwp%2Fv2%2Fmedia&parent=45"}],"curies":[{"name":"wp","href":"https:\/\/api.w.org\/{rel}","templated":true}]}}