{"id":46,"date":"2024-10-12T13:06:49","date_gmt":"2024-10-12T11:06:49","guid":{"rendered":"https:\/\/coursesdecotedalsace.fr\/?page_id=46"},"modified":"2024-10-19T21:42:40","modified_gmt":"2024-10-19T19:42:40","slug":"1980-2","status":"publish","type":"page","link":"https:\/\/coursesdecotedalsace.fr\/?page_id=46","title":{"rendered":"1980"},"content":{"rendered":"<p><strong>Bourbach 1980<\/strong><\/p>\n\n\n<p>La nouveaut\u00e9 en cette ann\u00e9e 1980 c&rsquo;est que le classement se joue sur l&rsquo;addition des deux meilleures mont\u00e9es, et c&rsquo;est un Christian DEBIAS revanchard qui l&#8217;emporte magnifiquement en 3&rsquo;12\u00a0\u00bb76 tout en am\u00e9liorant le record de la mont\u00e9e lors de sa premi\u00e8re tentative en 1&rsquo;36\u00a0\u00bb24. Marcel TARRES, qui remporte la deuxi\u00e8me mont\u00e9e en 1&rsquo;36\u00a0\u00bb40, s&rsquo;incline au cumul des temps (3&rsquo;13\u00a0\u00bb30). La troisi\u00e8me marche du podium est occup\u00e9e par la Lola T298 de G\u00e9rard XIBERRAS, le vainqueur du groupe 6.<\/p>\n\n\n\n<p>Scratch 1&nbsp;: Christian DEBIAS (Martini MK28)&nbsp;: 3&rsquo;12\u00a0\u00bb76<\/p>\n\n\n\n<p>Scratch 2&nbsp;: Marcel TARRES (Ralt RT1)&nbsp;: 3&rsquo;13\u00a0\u00bb30<\/p>\n\n\n\n<p>Scratch 3&nbsp;: G\u00e9rard XIBERRAS (Lola T298)&nbsp;: 3&rsquo;24\u00a0\u00bb97<\/p>\n\n\n\n<p>Groupe 1&nbsp;: Francis DOSIERES (Ford Escort RS2000)&nbsp;: 4&rsquo;04\u00a0\u00bb08<\/p>\n\n\n\n<p>Groupe 2&nbsp;: Philippe LECLERC (BMW 320)&nbsp;: 4&rsquo;03\u00a0\u00bb70<\/p>\n\n\n\n<p>Groupe 3&nbsp;: Rolf GOERING (Porsche 930)&nbsp;: 4&rsquo;05\u00a0\u00bb55<\/p>\n\n\n\n<p>Groupe 4&nbsp;: Jacques BOILLOT (Alpine A310)&nbsp;: 4&rsquo;05\u00a0\u00bb13<\/p>\n\n\n\n<p>Groupe 5&nbsp;: Valentin BERTAPELLE (Porsche 911)&nbsp;: 3&rsquo;52\u00a0\u00bb10<\/p>\n\n\n\n<p>Groupe 6&nbsp;: G\u00e9rard XIBERRAS (Lola T298)&nbsp;: 3&rsquo;24\u00a0\u00bb97<\/p>\n\n\n\n<p>Groupe 7-8&nbsp;: Christian DEBIAS (Martini MK28)&nbsp;: 3&rsquo;12\u00a0\u00bb76<\/p>\n\n\n\n<div class=\"wp-block-file\"><a id=\"wp-block-file--media-2c2ce13d-d416-4452-8298-3487313b02cd\" href=\"https:\/\/coursesdecotedalsace.fr\/wp-content\/uploads\/2024\/10\/Classement-1980-B.pdf\" target=\"_blank\" rel=\"noreferrer noopener\">Classement 1980 Bourbach<\/a><\/div>\n","protected":false},"excerpt":{"rendered":"<p>Bourbach 1980 La nouveaut\u00e9 en cette ann\u00e9e 1980 c&rsquo;est que le classement se joue sur l&rsquo;addition des deux meilleures mont\u00e9es, et c&rsquo;est un Christian DEBIAS revanchard qui l&#8217;emporte magnifiquement en 3&rsquo;12\u00a0\u00bb76 tout en am\u00e9liorant le record de la mont\u00e9e lors de sa premi\u00e8re tentative en 1&rsquo;36\u00a0\u00bb24. Marcel TARRES, qui remporte la deuxi\u00e8me mont\u00e9e en 1&rsquo;36\u00a0\u00bb40, [&hellip;]<\/p>\n","protected":false},"author":1,"featured_media":0,"parent":12,"menu_order":0,"comment_status":"closed","ping_status":"closed","template":"","meta":{"footnotes":""},"class_list":["post-46","page","type-page","status-publish","hentry"],"_links":{"self":[{"href":"https:\/\/coursesdecotedalsace.fr\/index.php?rest_route=\/wp\/v2\/pages\/46","targetHints":{"allow":["GET"]}}],"collection":[{"href":"https:\/\/coursesdecotedalsace.fr\/index.php?rest_route=\/wp\/v2\/pages"}],"about":[{"href":"https:\/\/coursesdecotedalsace.fr\/index.php?rest_route=\/wp\/v2\/types\/page"}],"author":[{"embeddable":true,"href":"https:\/\/coursesdecotedalsace.fr\/index.php?rest_route=\/wp\/v2\/users\/1"}],"replies":[{"embeddable":true,"href":"https:\/\/coursesdecotedalsace.fr\/index.php?rest_route=%2Fwp%2Fv2%2Fcomments&post=46"}],"version-history":[{"count":2,"href":"https:\/\/coursesdecotedalsace.fr\/index.php?rest_route=\/wp\/v2\/pages\/46\/revisions"}],"predecessor-version":[{"id":329,"href":"https:\/\/coursesdecotedalsace.fr\/index.php?rest_route=\/wp\/v2\/pages\/46\/revisions\/329"}],"up":[{"embeddable":true,"href":"https:\/\/coursesdecotedalsace.fr\/index.php?rest_route=\/wp\/v2\/pages\/12"}],"wp:attachment":[{"href":"https:\/\/coursesdecotedalsace.fr\/index.php?rest_route=%2Fwp%2Fv2%2Fmedia&parent=46"}],"curies":[{"name":"wp","href":"https:\/\/api.w.org\/{rel}","templated":true}]}}