{"id":48,"date":"2024-10-12T13:06:49","date_gmt":"2024-10-12T11:06:49","guid":{"rendered":"https:\/\/coursesdecotedalsace.fr\/?page_id=48"},"modified":"2024-10-19T21:44:36","modified_gmt":"2024-10-19T19:44:36","slug":"1982-2","status":"publish","type":"page","link":"https:\/\/coursesdecotedalsace.fr\/?page_id=48","title":{"rendered":"1982"},"content":{"rendered":"<p><strong>Bourbach 1982<\/strong><\/p>\n\n\n<p>Une nouvelle r\u00e9glementation appara\u00eet avec la cr\u00e9ation des groupes N, A, B et E. La bataille fait aussi rage au niveau des ailerons qui ont pris des hauteurs d\u00e9mesur\u00e9es et qui sont d\u00e9sormais limit\u00e9es. Marc SOURD fait une lecture optimale du r\u00e8glement en diminuant la hauteur \u2026 mais en augmentant la largeur \u2026 et s&rsquo;impose facilement en 3&rsquo;09\u00a0\u00bb74. Marcel TARRES et Christian DEBIAS suivent \u00e0 distance (respectivement 3&rsquo;11\u00a0\u00bb40 et 3&rsquo;14\u00a0\u00bb41) au volant de voitures plus conventionnelles.<\/p>\n\n\n\n<p>Scratch 1&nbsp;: Marc SOURD (Martini MK32)&nbsp;: 3&rsquo;09\u00a0\u00bb74<\/p>\n\n\n\n<p>Scratch 2&nbsp;: Marcel TARRES (Martini MK25)&nbsp;: 3&rsquo;11\u00a0\u00bb40<\/p>\n\n\n\n<p>Scratch 3&nbsp;: Christian DEBIAS (Martine MK28)&nbsp;: 3&rsquo;14\u00a0\u00bb41<\/p>\n\n\n\n<p>Groupe N&nbsp;: Henri VUILLERMOZ (BMW 323)&nbsp;: 4&rsquo;21\u00a0\u00bb88<\/p>\n\n\n\n<p>Groupe 1&nbsp;: Francis DOSIERES (Ford Escort RS2000) : 4&rsquo;04\u00a0\u00bb39<\/p>\n\n\n\n<p>Groupe A : Jim MILLOT&nbsp;(VW Golf GTI)&nbsp;: 4&rsquo;07\u00a0\u00bb89<\/p>\n\n\n\n<p>Groupe 2&nbsp;: Jean-Claude BRAZEY (Talbot Lotus)&nbsp;: 3&rsquo;57\u00a0\u00bb34<\/p>\n\n\n\n<p>Groupe B&nbsp;: Jean-Baptiste POINT (Renault 5 Turbo)&nbsp;: 3&rsquo;57\u00a0\u00bb40<\/p>\n\n\n\n<p>Groupe 4&nbsp;: Jean MOREL (Alpine A110)&nbsp;: 4&rsquo;01\u00a0\u00bb16<\/p>\n\n\n\n<p>Groupe 5&nbsp;: Andr\u00e9 MILLET (Porsche 911)&nbsp;: 3&rsquo;54\u00a0\u00bb09<\/p>\n\n\n\n<p>Groupe 6&nbsp;: G\u00e9rard XIBERRAS (Lola T298)&nbsp;: 3&rsquo;20\u00a0\u00bb12<\/p>\n\n\n\n<p>Groupe E&nbsp;: Marc SOURD (Martini MK32)&nbsp;: 3&rsquo;09\u00a0\u00bb74<\/p>\n\n\n\n<div class=\"wp-block-file\"><a id=\"wp-block-file--media-48eb9733-56b2-4a1f-aeb0-61005ee5b6ea\" href=\"https:\/\/coursesdecotedalsace.fr\/wp-content\/uploads\/2024\/10\/Classement-1982-B.pdf\" target=\"_blank\" rel=\"noreferrer noopener\">Classement 1982 Bourbach<\/a><\/div>\n","protected":false},"excerpt":{"rendered":"<p>Bourbach 1982 Une nouvelle r\u00e9glementation appara\u00eet avec la cr\u00e9ation des groupes N, A, B et E. La bataille fait aussi rage au niveau des ailerons qui ont pris des hauteurs d\u00e9mesur\u00e9es et qui sont d\u00e9sormais limit\u00e9es. Marc SOURD fait une lecture optimale du r\u00e8glement en diminuant la hauteur \u2026 mais en augmentant la largeur \u2026 [&hellip;]<\/p>\n","protected":false},"author":1,"featured_media":0,"parent":12,"menu_order":0,"comment_status":"closed","ping_status":"closed","template":"","meta":{"footnotes":""},"class_list":["post-48","page","type-page","status-publish","hentry"],"_links":{"self":[{"href":"https:\/\/coursesdecotedalsace.fr\/index.php?rest_route=\/wp\/v2\/pages\/48","targetHints":{"allow":["GET"]}}],"collection":[{"href":"https:\/\/coursesdecotedalsace.fr\/index.php?rest_route=\/wp\/v2\/pages"}],"about":[{"href":"https:\/\/coursesdecotedalsace.fr\/index.php?rest_route=\/wp\/v2\/types\/page"}],"author":[{"embeddable":true,"href":"https:\/\/coursesdecotedalsace.fr\/index.php?rest_route=\/wp\/v2\/users\/1"}],"replies":[{"embeddable":true,"href":"https:\/\/coursesdecotedalsace.fr\/index.php?rest_route=%2Fwp%2Fv2%2Fcomments&post=48"}],"version-history":[{"count":2,"href":"https:\/\/coursesdecotedalsace.fr\/index.php?rest_route=\/wp\/v2\/pages\/48\/revisions"}],"predecessor-version":[{"id":332,"href":"https:\/\/coursesdecotedalsace.fr\/index.php?rest_route=\/wp\/v2\/pages\/48\/revisions\/332"}],"up":[{"embeddable":true,"href":"https:\/\/coursesdecotedalsace.fr\/index.php?rest_route=\/wp\/v2\/pages\/12"}],"wp:attachment":[{"href":"https:\/\/coursesdecotedalsace.fr\/index.php?rest_route=%2Fwp%2Fv2%2Fmedia&parent=48"}],"curies":[{"name":"wp","href":"https:\/\/api.w.org\/{rel}","templated":true}]}}