{"id":50,"date":"2024-10-12T13:06:49","date_gmt":"2024-10-12T11:06:49","guid":{"rendered":"https:\/\/coursesdecotedalsace.fr\/?page_id=50"},"modified":"2024-10-19T22:00:00","modified_gmt":"2024-10-19T20:00:00","slug":"1984-2","status":"publish","type":"page","link":"https:\/\/coursesdecotedalsace.fr\/?page_id=50","title":{"rendered":"1984"},"content":{"rendered":"<p><strong>Bourbach 1984<\/strong><\/p>\n\n\n<p>SOURD est de retour, au volant d&rsquo;une Marini MK 43 \u00e0 effet de sol aussi appel\u00e9e \u00abWing Car&nbsp;\u00bb, mais Marcel TARRES, qui dispose de la m\u00eame arme, s&rsquo;impose assez facilement (3&rsquo;10\u00a0\u00bb88 contre 3&rsquo;13\u00a0\u00bb66) et Christian DEBIAS (3&nbsp;&rsquo;13\u00a0\u00bb11)parvient m\u00eame \u00e0 chiper la deuxi\u00e8me place au lyonnais au volant de sa Martini MK 28 \u00ab&nbsp;conventionnelle&nbsp;\u00bb.<\/p>\n\n\n\n<p>Scratch 1&nbsp;: Marcel TARRES (Martini MK43)&nbsp;: 3&rsquo;10\u00a0\u00bb88<\/p>\n\n\n\n<p>Scratch 2&nbsp;: Christian DEBIAS (Martine MK28)&nbsp;: 3&rsquo;13\u00a0\u00bb11<\/p>\n\n\n\n<p>Scratch 3&nbsp;: Marc SOURD (Martini MK43)&nbsp;: 3&rsquo;13\u00a0\u00bb66<\/p>\n\n\n\n<p>Groupe N&nbsp;: Alain GIROD (VW Golf GTI) : 4&rsquo;23\u00a0\u00bb48<\/p>\n\n\n\n<p>Groupe A : Giovanni ROSSI (BMW 635)&nbsp;: 3&rsquo;55\u00a0\u00bb80<\/p>\n\n\n\n<p>Groupe B&nbsp;: Ren\u00e9 MICHON (Porsche 930 Turbo)&nbsp;: 3&rsquo;51\u00a0\u00bb82<\/p>\n\n\n\n<p>Groupe 6&nbsp;: G\u00e9rard XIBERRAS (Lola T298)&nbsp;: 3&rsquo;17\u00a0\u00bb02<\/p>\n\n\n\n<p>Groupe E&nbsp;: Marcel TARRES (Martini MK43)&nbsp;: 3&rsquo;10\u00a0\u00bb88<\/p>\n\n\n\n<p>Groupe S&nbsp;: Philippe LECLERC (BMW 323)&nbsp;: 3&rsquo;56\u00a0\u00bb23<\/p>\n\n\n\n<div class=\"wp-block-file\"><a id=\"wp-block-file--media-82bca1e7-96bd-4bb4-afd3-140897c6a188\" href=\"https:\/\/coursesdecotedalsace.fr\/wp-content\/uploads\/2024\/10\/Classement-1984-B.pdf\" target=\"_blank\" rel=\"noreferrer noopener\">Classement 1984 Bourbach<\/a><\/div>\n","protected":false},"excerpt":{"rendered":"<p>Bourbach 1984 SOURD est de retour, au volant d&rsquo;une Marini MK 43 \u00e0 effet de sol aussi appel\u00e9e \u00abWing Car&nbsp;\u00bb, mais Marcel TARRES, qui dispose de la m\u00eame arme, s&rsquo;impose assez facilement (3&rsquo;10\u00a0\u00bb88 contre 3&rsquo;13\u00a0\u00bb66) et Christian DEBIAS (3&nbsp;&rsquo;13\u00a0\u00bb11)parvient m\u00eame \u00e0 chiper la deuxi\u00e8me place au lyonnais au volant de sa Martini MK 28 \u00ab&nbsp;conventionnelle&nbsp;\u00bb. [&hellip;]<\/p>\n","protected":false},"author":1,"featured_media":0,"parent":12,"menu_order":0,"comment_status":"closed","ping_status":"closed","template":"","meta":{"footnotes":""},"class_list":["post-50","page","type-page","status-publish","hentry"],"_links":{"self":[{"href":"https:\/\/coursesdecotedalsace.fr\/index.php?rest_route=\/wp\/v2\/pages\/50","targetHints":{"allow":["GET"]}}],"collection":[{"href":"https:\/\/coursesdecotedalsace.fr\/index.php?rest_route=\/wp\/v2\/pages"}],"about":[{"href":"https:\/\/coursesdecotedalsace.fr\/index.php?rest_route=\/wp\/v2\/types\/page"}],"author":[{"embeddable":true,"href":"https:\/\/coursesdecotedalsace.fr\/index.php?rest_route=\/wp\/v2\/users\/1"}],"replies":[{"embeddable":true,"href":"https:\/\/coursesdecotedalsace.fr\/index.php?rest_route=%2Fwp%2Fv2%2Fcomments&post=50"}],"version-history":[{"count":2,"href":"https:\/\/coursesdecotedalsace.fr\/index.php?rest_route=\/wp\/v2\/pages\/50\/revisions"}],"predecessor-version":[{"id":353,"href":"https:\/\/coursesdecotedalsace.fr\/index.php?rest_route=\/wp\/v2\/pages\/50\/revisions\/353"}],"up":[{"embeddable":true,"href":"https:\/\/coursesdecotedalsace.fr\/index.php?rest_route=\/wp\/v2\/pages\/12"}],"wp:attachment":[{"href":"https:\/\/coursesdecotedalsace.fr\/index.php?rest_route=%2Fwp%2Fv2%2Fmedia&parent=50"}],"curies":[{"name":"wp","href":"https:\/\/api.w.org\/{rel}","templated":true}]}}