{"id":51,"date":"2024-10-12T13:06:49","date_gmt":"2024-10-12T11:06:49","guid":{"rendered":"https:\/\/coursesdecotedalsace.fr\/?page_id=51"},"modified":"2024-10-19T21:46:56","modified_gmt":"2024-10-19T19:46:56","slug":"1985-2","status":"publish","type":"page","link":"https:\/\/coursesdecotedalsace.fr\/?page_id=51","title":{"rendered":"1985"},"content":{"rendered":"<p><strong>Bourbach 1985<\/strong><\/p>\n\n\n<p>Le plateau des favoris est restreint et se r\u00e9sume \u00e0 un duel TARRES \u2013 DEBIAS remport\u00e9 par le premier nomm\u00e9. La troisi\u00e8me marche du podium fait aussi l&rsquo;objet d&rsquo;une belle bataille entre Anne BAVEREY et Daniel BOCCARD et termine dans l&rsquo;escarcelle de la repr\u00e9sentante de la gent f\u00e9minine.<\/p>\n\n\n\n<p>Scratch 1&nbsp;: Marcel TARRES (Martini MK43)&nbsp;: 3&rsquo;11\u00a0\u00bb18<\/p>\n\n\n\n<p>Scratch 2&nbsp;: Christian DEBIAS (Martine MK43)&nbsp;: 3&rsquo;13\u00a0\u00bb09<\/p>\n\n\n\n<p>Scratch 3&nbsp;: Anne BAVEREY (AGS)&nbsp;: 3&rsquo;16\u00a0\u00bb31<\/p>\n\n\n\n<p>Groupe N&nbsp;: Henri VUILLERMOZ (BMW 323) : 4&rsquo;09\u00a0\u00bb99<\/p>\n\n\n\n<p>Groupe A : Francis DOSIERES (BMW 635)&nbsp;: 3&rsquo;55\u00a0\u00bb20<\/p>\n\n\n\n<p>Groupe B&nbsp;: Giovanni ROSSI (BMW M1)&nbsp;: 3&rsquo;38\u00a0\u00bb14<\/p>\n\n\n\n<p>Groupe 6&nbsp;: Freddy ROLAND (Lola T297)&nbsp;: 3&rsquo;23\u00a0\u00bb33<\/p>\n\n\n\n<p>Groupe E&nbsp;: Marcel TARRES (Martini MK43)&nbsp;: 3&rsquo;11\u00a0\u00bb18<\/p>\n\n\n\n<p>Groupe S&nbsp;: Philippe LECLERC (BMW 323)&nbsp;: 3&rsquo;44\u00a0\u00bb14<\/p>\n\n\n\n<div class=\"wp-block-file\"><a id=\"wp-block-file--media-e7344fb7-e9e4-4287-805d-fb1154846b92\" href=\"https:\/\/coursesdecotedalsace.fr\/wp-content\/uploads\/2024\/10\/Classement-1985-B.pdf\" target=\"_blank\" rel=\"noreferrer noopener\">Classement 1985 Bourbach<\/a><\/div>\n","protected":false},"excerpt":{"rendered":"<p>Bourbach 1985 Le plateau des favoris est restreint et se r\u00e9sume \u00e0 un duel TARRES \u2013 DEBIAS remport\u00e9 par le premier nomm\u00e9. La troisi\u00e8me marche du podium fait aussi l&rsquo;objet d&rsquo;une belle bataille entre Anne BAVEREY et Daniel BOCCARD et termine dans l&rsquo;escarcelle de la repr\u00e9sentante de la gent f\u00e9minine. Scratch 1&nbsp;: Marcel TARRES (Martini [&hellip;]<\/p>\n","protected":false},"author":1,"featured_media":0,"parent":12,"menu_order":0,"comment_status":"closed","ping_status":"closed","template":"","meta":{"footnotes":""},"class_list":["post-51","page","type-page","status-publish","hentry"],"_links":{"self":[{"href":"https:\/\/coursesdecotedalsace.fr\/index.php?rest_route=\/wp\/v2\/pages\/51","targetHints":{"allow":["GET"]}}],"collection":[{"href":"https:\/\/coursesdecotedalsace.fr\/index.php?rest_route=\/wp\/v2\/pages"}],"about":[{"href":"https:\/\/coursesdecotedalsace.fr\/index.php?rest_route=\/wp\/v2\/types\/page"}],"author":[{"embeddable":true,"href":"https:\/\/coursesdecotedalsace.fr\/index.php?rest_route=\/wp\/v2\/users\/1"}],"replies":[{"embeddable":true,"href":"https:\/\/coursesdecotedalsace.fr\/index.php?rest_route=%2Fwp%2Fv2%2Fcomments&post=51"}],"version-history":[{"count":2,"href":"https:\/\/coursesdecotedalsace.fr\/index.php?rest_route=\/wp\/v2\/pages\/51\/revisions"}],"predecessor-version":[{"id":335,"href":"https:\/\/coursesdecotedalsace.fr\/index.php?rest_route=\/wp\/v2\/pages\/51\/revisions\/335"}],"up":[{"embeddable":true,"href":"https:\/\/coursesdecotedalsace.fr\/index.php?rest_route=\/wp\/v2\/pages\/12"}],"wp:attachment":[{"href":"https:\/\/coursesdecotedalsace.fr\/index.php?rest_route=%2Fwp%2Fv2%2Fmedia&parent=51"}],"curies":[{"name":"wp","href":"https:\/\/api.w.org\/{rel}","templated":true}]}}