{"id":52,"date":"2024-10-12T13:06:49","date_gmt":"2024-10-12T11:06:49","guid":{"rendered":"https:\/\/coursesdecotedalsace.fr\/?page_id=52"},"modified":"2024-10-19T21:47:39","modified_gmt":"2024-10-19T19:47:39","slug":"1986-2","status":"publish","type":"page","link":"https:\/\/coursesdecotedalsace.fr\/?page_id=52","title":{"rendered":"1986"},"content":{"rendered":"<p><strong>Bourbach 1986<\/strong><\/p>\n\n\n<p>Marcel TARRES a d\u00e9cid\u00e9 de courir deux li\u00e8vres \u00e0 la fois en participant au championnat de France de la Montagne et \u00e0 celui des circuits (Formule 3000) mais cette dispersion n&rsquo;entame pas sa combativit\u00e9 et il remporte \u00e0 nouveau l&rsquo;\u00e9preuve. Daniel BOCCARD et Christian DEBIAS, respectivement deuxi\u00e8me et troisi\u00e8me, ne peuvent qu&rsquo;en faire l&rsquo;amer constat.<\/p>\n\n\n\n<p>Scratch 1&nbsp;: Marcel TARRES (Martini MK43)&nbsp;: 3&rsquo;09\u00a0\u00bb88<\/p>\n\n\n\n<p>Scratch 2&nbsp;: Daniel BOCCARD (Martini MK42)&nbsp;: 3&rsquo;14\u00a0\u00bb27<\/p>\n\n\n\n<p>Scratch 3&nbsp;: Christian DEBIAS (Martine MK43)&nbsp;: 3&rsquo;16\u00a0\u00bb77<\/p>\n\n\n\n<p>Groupe N&nbsp;: Bernard-Etienne GROBOT (Renault 5 GT Turbo) : 4&rsquo;09\u00a0\u00bb85<\/p>\n\n\n\n<p>Groupe A : Francis DOSIERES (BMW 635)&nbsp;: 3&rsquo;52\u00a0\u00bb38<\/p>\n\n\n\n<p>Groupe B&nbsp;: Jean-Christian DUBY (Peugeot 205 Turbo 16)&nbsp;: 3&rsquo;36\u00a0\u00bb47<\/p>\n\n\n\n<p>Groupe PJ&nbsp;: Freddy ROLAND (Lola T297)&nbsp;: 3&rsquo;22\u00a0\u00bb05<\/p>\n\n\n\n<p>Groupe E&nbsp;: Marcel TARRES (Martini MK43)&nbsp;: 3&rsquo;09\u00a0\u00bb88<\/p>\n\n\n\n<p>Groupe S&nbsp;: Philippe WEHRLE (Alpine A110)&nbsp;: 4&rsquo;00\u00a0\u00bb39<\/p>\n\n\n\n<div class=\"wp-block-file\"><a id=\"wp-block-file--media-26d59483-1f22-495e-a6cf-cd56cc419776\" href=\"https:\/\/coursesdecotedalsace.fr\/wp-content\/uploads\/2024\/10\/Classement-1986-B.pdf\" target=\"_blank\" rel=\"noreferrer noopener\">Classement 1986 Bourbach<\/a><\/div>\n","protected":false},"excerpt":{"rendered":"<p>Bourbach 1986 Marcel TARRES a d\u00e9cid\u00e9 de courir deux li\u00e8vres \u00e0 la fois en participant au championnat de France de la Montagne et \u00e0 celui des circuits (Formule 3000) mais cette dispersion n&rsquo;entame pas sa combativit\u00e9 et il remporte \u00e0 nouveau l&rsquo;\u00e9preuve. Daniel BOCCARD et Christian DEBIAS, respectivement deuxi\u00e8me et troisi\u00e8me, ne peuvent qu&rsquo;en faire [&hellip;]<\/p>\n","protected":false},"author":1,"featured_media":0,"parent":12,"menu_order":0,"comment_status":"closed","ping_status":"closed","template":"","meta":{"footnotes":""},"class_list":["post-52","page","type-page","status-publish","hentry"],"_links":{"self":[{"href":"https:\/\/coursesdecotedalsace.fr\/index.php?rest_route=\/wp\/v2\/pages\/52","targetHints":{"allow":["GET"]}}],"collection":[{"href":"https:\/\/coursesdecotedalsace.fr\/index.php?rest_route=\/wp\/v2\/pages"}],"about":[{"href":"https:\/\/coursesdecotedalsace.fr\/index.php?rest_route=\/wp\/v2\/types\/page"}],"author":[{"embeddable":true,"href":"https:\/\/coursesdecotedalsace.fr\/index.php?rest_route=\/wp\/v2\/users\/1"}],"replies":[{"embeddable":true,"href":"https:\/\/coursesdecotedalsace.fr\/index.php?rest_route=%2Fwp%2Fv2%2Fcomments&post=52"}],"version-history":[{"count":2,"href":"https:\/\/coursesdecotedalsace.fr\/index.php?rest_route=\/wp\/v2\/pages\/52\/revisions"}],"predecessor-version":[{"id":336,"href":"https:\/\/coursesdecotedalsace.fr\/index.php?rest_route=\/wp\/v2\/pages\/52\/revisions\/336"}],"up":[{"embeddable":true,"href":"https:\/\/coursesdecotedalsace.fr\/index.php?rest_route=\/wp\/v2\/pages\/12"}],"wp:attachment":[{"href":"https:\/\/coursesdecotedalsace.fr\/index.php?rest_route=%2Fwp%2Fv2%2Fmedia&parent=52"}],"curies":[{"name":"wp","href":"https:\/\/api.w.org\/{rel}","templated":true}]}}