{"id":54,"date":"2024-10-12T13:06:49","date_gmt":"2024-10-12T11:06:49","guid":{"rendered":"https:\/\/coursesdecotedalsace.fr\/?page_id=54"},"modified":"2024-10-19T21:49:13","modified_gmt":"2024-10-19T19:49:13","slug":"1988-2","status":"publish","type":"page","link":"https:\/\/coursesdecotedalsace.fr\/?page_id=54","title":{"rendered":"1988"},"content":{"rendered":"<p><strong>Bourbach 1988<\/strong><\/p>\n\n\n<p>Daniel BOCCARD se pr\u00e9sente sur la ligne de d\u00e9part aur\u00e9ol\u00e9 de son titre de champion de France acquis l&rsquo;ann\u00e9e pr\u00e9c\u00e9dente suite \u00e0 l&rsquo;accident dont a \u00e9t\u00e9 victime Marcel TARRES, mais ce dernier est remis sur pied et entend r\u00e9cup\u00e9rer son bien. La bataille est s\u00e9v\u00e8re et les \u00e9carts serr\u00e9s mais BOCCARD parvient \u00e0 garder le dessus de justesse (3&rsquo;09\u00a0\u00bb41 contre 3&rsquo;10\u00a0\u00bb25). La troisi\u00e8me place est occup\u00e9e par un Michel ARBEIT radieux qui a bien fait de pers\u00e9v\u00e9rer apr\u00e8s de nombreuses tentatives infructueuses.<\/p>\n\n\n\n<p>Scratch 1&nbsp;: Daniel BOCCARD (Martini MK42)&nbsp;: 3&rsquo;09\u00a0\u00bb41<\/p>\n\n\n\n<p>Scratch 2&nbsp;: Marcel TARRES (Martini MK56)&nbsp;: 3&rsquo;10\u00a0\u00bb25<\/p>\n\n\n\n<p>Scratch 3&nbsp;: Michel ARBEIT (March)&nbsp;: 3&rsquo;13\u00a0\u00bb23<\/p>\n\n\n\n<p>Groupe N&nbsp;: Bernard-Etienne GROBOT (Ford Sierra Cosworth) : 3&rsquo;57\u00a0\u00bb84<\/p>\n\n\n\n<p>Groupe A : Francis DOSIERES (BMW M3)&nbsp;: 3&rsquo;46\u00a0\u00bb75<\/p>\n\n\n\n<p>Groupe B&nbsp;: G\u00e9rard PAQUET (Lancia Delta S4)&nbsp;: 3&rsquo;44\u00a0\u00bb22<\/p>\n\n\n\n<p>Groupe PJ&nbsp;: Bernard CHAMBEROD (TOJ)&nbsp;: 3&rsquo;19\u00a0\u00bb83<\/p>\n\n\n\n<p>Groupe DE&nbsp;: Daniel BOCCARD (Martini MK42)&nbsp;: 3&rsquo;09\u00a0\u00bb41<\/p>\n\n\n\n<p>Groupe F&nbsp;: Roger COPET (Simca 1000)&nbsp;: 3&rsquo;54\u00a0\u00bb83<\/p>\n\n\n\n<div class=\"wp-block-file\"><a id=\"wp-block-file--media-adac5ef5-a9a7-47a2-8638-1a521f0c13b2\" href=\"https:\/\/coursesdecotedalsace.fr\/wp-content\/uploads\/2024\/10\/Classement-1988-B.pdf\" target=\"_blank\" rel=\"noreferrer noopener\">Classement 1988 Bourbach<\/a><\/div>\n","protected":false},"excerpt":{"rendered":"<p>Bourbach 1988 Daniel BOCCARD se pr\u00e9sente sur la ligne de d\u00e9part aur\u00e9ol\u00e9 de son titre de champion de France acquis l&rsquo;ann\u00e9e pr\u00e9c\u00e9dente suite \u00e0 l&rsquo;accident dont a \u00e9t\u00e9 victime Marcel TARRES, mais ce dernier est remis sur pied et entend r\u00e9cup\u00e9rer son bien. La bataille est s\u00e9v\u00e8re et les \u00e9carts serr\u00e9s mais BOCCARD parvient \u00e0 [&hellip;]<\/p>\n","protected":false},"author":1,"featured_media":0,"parent":12,"menu_order":0,"comment_status":"closed","ping_status":"closed","template":"","meta":{"footnotes":""},"class_list":["post-54","page","type-page","status-publish","hentry"],"_links":{"self":[{"href":"https:\/\/coursesdecotedalsace.fr\/index.php?rest_route=\/wp\/v2\/pages\/54","targetHints":{"allow":["GET"]}}],"collection":[{"href":"https:\/\/coursesdecotedalsace.fr\/index.php?rest_route=\/wp\/v2\/pages"}],"about":[{"href":"https:\/\/coursesdecotedalsace.fr\/index.php?rest_route=\/wp\/v2\/types\/page"}],"author":[{"embeddable":true,"href":"https:\/\/coursesdecotedalsace.fr\/index.php?rest_route=\/wp\/v2\/users\/1"}],"replies":[{"embeddable":true,"href":"https:\/\/coursesdecotedalsace.fr\/index.php?rest_route=%2Fwp%2Fv2%2Fcomments&post=54"}],"version-history":[{"count":2,"href":"https:\/\/coursesdecotedalsace.fr\/index.php?rest_route=\/wp\/v2\/pages\/54\/revisions"}],"predecessor-version":[{"id":338,"href":"https:\/\/coursesdecotedalsace.fr\/index.php?rest_route=\/wp\/v2\/pages\/54\/revisions\/338"}],"up":[{"embeddable":true,"href":"https:\/\/coursesdecotedalsace.fr\/index.php?rest_route=\/wp\/v2\/pages\/12"}],"wp:attachment":[{"href":"https:\/\/coursesdecotedalsace.fr\/index.php?rest_route=%2Fwp%2Fv2%2Fmedia&parent=54"}],"curies":[{"name":"wp","href":"https:\/\/api.w.org\/{rel}","templated":true}]}}