{"id":59,"date":"2024-10-12T13:08:34","date_gmt":"2024-10-12T11:08:34","guid":{"rendered":"https:\/\/coursesdecotedalsace.fr\/?page_id=59"},"modified":"2024-10-19T21:53:21","modified_gmt":"2024-10-19T19:53:21","slug":"1977-2","status":"publish","type":"page","link":"https:\/\/coursesdecotedalsace.fr\/?page_id=59","title":{"rendered":"1977"},"content":{"rendered":"\n<p>D\u00e8s sa 2\u00e8me \u00e9dition l\u2019\u00e9preuve est inscrite en cat\u00e9gorie \u201cnationale\u201d et le trac\u00e9 est rallong\u00e9 \u00e0 3,3 kilom\u00e8tres. Les pilotes de formules 2 sont pr\u00e9sents, et c\u2019est le Mulhousien Freddy ROLAND qui l\u2019emporte sur sa March 742 signant le record sur cette nouvelle distance en 1\u201952\u2019\u201952.<\/p>\n\n\n\n<p>Scratch 1&nbsp;: ROLAND Freddy (March 742) \u2013 1\u201952\u2019\u201952<br>Scratch 2&nbsp;: CHABOUDEZ Ren\u00e9 (March 712) \u2013 1\u201957\u2019\u201921<br>Scratch 3&nbsp;: SIMAC Robert (Lola T 410) \u2013 1\u201958\u2019\u201961<br>Groupe 1&nbsp;: WILHELM G\u00e9rard (Ford Escort RS 2000) \u2013 2\u201920\u2019\u201908<br>Groupe 2&nbsp;: FLECK Jean-Fran\u00e7ois (BMW 2002 TI) \u2013 2\u201912\u2019\u201975<br>Groupe 3&nbsp;: MEO Jean (Porsche 911 Carrera) \u2013 2\u201909\u2019\u201951<br>Groupe 4&nbsp;: STORCK Jean (Porsche 911 Carrera) \u2013 2\u2019\u201911\u201936<br>Groupe 5&nbsp;: JEANNERET Claude (BMW 320) \u2013 2\u201907\u2019\u201902<br>Groupe 6&nbsp;: DEUTSCH Horst (TOJ SC 04) \u2013 2\u2019\u201900\u2019\u201946<br>Groupe 7\/8&nbsp;: ROLAND Freddy (March 742) \u2013 1\u201952\u2019\u201952<\/p>\n\n\n\n<div class=\"wp-block-file\"><a id=\"wp-block-file--media-528b9446-8696-4afc-9a68-00fe19efb8c3\" href=\"https:\/\/coursesdecotedalsace.fr\/wp-content\/uploads\/2024\/10\/Classement-1977-Fouchy.pdf\" target=\"_blank\" rel=\"noreferrer noopener\">Classement 1977 Fouchy<\/a><\/div>\n","protected":false},"excerpt":{"rendered":"<p>D\u00e8s sa 2\u00e8me \u00e9dition l\u2019\u00e9preuve est inscrite en cat\u00e9gorie \u201cnationale\u201d et le trac\u00e9 est rallong\u00e9 \u00e0 3,3 kilom\u00e8tres. Les pilotes de formules 2 sont pr\u00e9sents, et c\u2019est le Mulhousien Freddy ROLAND qui l\u2019emporte sur sa March 742 signant le record sur cette nouvelle distance en 1\u201952\u2019\u201952. Scratch 1&nbsp;: ROLAND Freddy (March 742) \u2013 1\u201952\u2019\u201952Scratch 2&nbsp;: [&hellip;]<\/p>\n","protected":false},"author":1,"featured_media":0,"parent":14,"menu_order":0,"comment_status":"closed","ping_status":"closed","template":"","meta":{"footnotes":""},"class_list":["post-59","page","type-page","status-publish","hentry"],"_links":{"self":[{"href":"https:\/\/coursesdecotedalsace.fr\/index.php?rest_route=\/wp\/v2\/pages\/59","targetHints":{"allow":["GET"]}}],"collection":[{"href":"https:\/\/coursesdecotedalsace.fr\/index.php?rest_route=\/wp\/v2\/pages"}],"about":[{"href":"https:\/\/coursesdecotedalsace.fr\/index.php?rest_route=\/wp\/v2\/types\/page"}],"author":[{"embeddable":true,"href":"https:\/\/coursesdecotedalsace.fr\/index.php?rest_route=\/wp\/v2\/users\/1"}],"replies":[{"embeddable":true,"href":"https:\/\/coursesdecotedalsace.fr\/index.php?rest_route=%2Fwp%2Fv2%2Fcomments&post=59"}],"version-history":[{"count":2,"href":"https:\/\/coursesdecotedalsace.fr\/index.php?rest_route=\/wp\/v2\/pages\/59\/revisions"}],"predecessor-version":[{"id":345,"href":"https:\/\/coursesdecotedalsace.fr\/index.php?rest_route=\/wp\/v2\/pages\/59\/revisions\/345"}],"up":[{"embeddable":true,"href":"https:\/\/coursesdecotedalsace.fr\/index.php?rest_route=\/wp\/v2\/pages\/14"}],"wp:attachment":[{"href":"https:\/\/coursesdecotedalsace.fr\/index.php?rest_route=%2Fwp%2Fv2%2Fmedia&parent=59"}],"curies":[{"name":"wp","href":"https:\/\/api.w.org\/{rel}","templated":true}]}}