{"id":60,"date":"2024-10-12T13:08:34","date_gmt":"2024-10-12T11:08:34","guid":{"rendered":"https:\/\/coursesdecotedalsace.fr\/?page_id=60"},"modified":"2024-10-19T21:53:54","modified_gmt":"2024-10-19T19:53:54","slug":"1978-2","status":"publish","type":"page","link":"https:\/\/coursesdecotedalsace.fr\/?page_id=60","title":{"rendered":"1978"},"content":{"rendered":"\n<p>Doubl\u00e9 de Freddy ROLAND sur sa nouvelle monture, une Ralt RT1, qui pulv\u00e9rise l\u2019ancien record lui appartenant en 1\u201950\u201958. Il est imit\u00e9 en groupe 1 par G\u00e9rard WILHELM (Ford Escort RS 2000) qui am\u00e9liore lui aussi son chrono de l\u2019an dernier (2\u201915\u2019\u201944 contre 2\u201920\u2019\u201908).<\/p>\n\n\n\n<p>Scratch 1&nbsp;: ROLAND Freddy (Ralt RT 1) \u2013 1\u201950\u201958<br>Scratch 2&nbsp;: GROBOT Bernard-Etienne (March 772) \u2013 1\u201951\u2019\u201992<br>Scratch 3&nbsp;: JACCARD Alain (Martini MK 25) \u2013 1\u201953\u2019\u201991<br>Groupe 1&nbsp;: WILHELM G\u00e9rard (Ford Escort RS 2000) \u2013 2\u201915\u201944<br>Groupe 2&nbsp;: MARCHAL G\u00e9rard (Ford Escort RS 2000) \u2013 2\u201910\u2019\u201946<br>Groupe 3&nbsp;: DODANE Laurent (Porsche 911 Carrera) \u2013 2\u201912\u2019\u201994<br>Groupe 4&nbsp;: DUFOUR Jean-Paul (Porsche 911 Carrera) \u2013 2\u201910\u2019\u201959<br>Groupe 5&nbsp;: BLIND Paul (Alpine A 110 1800) \u2013 2\u201910\u2019\u201918<br>Groupe 6&nbsp;: CONRAD Karl-Heinz (Chevron B 26) \u2013 2\u201907\u2019\u201994<br>Groupe 7\/8&nbsp;: ROLAND Freddy (Ralt RT 1) \u2013 1\u201950\u2019\u201958<\/p>\n\n\n\n<div class=\"wp-block-file\"><a id=\"wp-block-file--media-8a20d1f7-4fff-4ca5-b0ff-60a44b7567c5\" href=\"https:\/\/coursesdecotedalsace.fr\/wp-content\/uploads\/2024\/10\/Classement-1978-Fouchy.pdf\" target=\"_blank\" rel=\"noreferrer noopener\">Classement 1978 Fouchy<\/a><\/div>\n","protected":false},"excerpt":{"rendered":"<p>Doubl\u00e9 de Freddy ROLAND sur sa nouvelle monture, une Ralt RT1, qui pulv\u00e9rise l\u2019ancien record lui appartenant en 1\u201950\u201958. Il est imit\u00e9 en groupe 1 par G\u00e9rard WILHELM (Ford Escort RS 2000) qui am\u00e9liore lui aussi son chrono de l\u2019an dernier (2\u201915\u2019\u201944 contre 2\u201920\u2019\u201908). Scratch 1&nbsp;: ROLAND Freddy (Ralt RT 1) \u2013 1\u201950\u201958Scratch 2&nbsp;: GROBOT [&hellip;]<\/p>\n","protected":false},"author":1,"featured_media":0,"parent":14,"menu_order":0,"comment_status":"closed","ping_status":"closed","template":"","meta":{"footnotes":""},"class_list":["post-60","page","type-page","status-publish","hentry"],"_links":{"self":[{"href":"https:\/\/coursesdecotedalsace.fr\/index.php?rest_route=\/wp\/v2\/pages\/60","targetHints":{"allow":["GET"]}}],"collection":[{"href":"https:\/\/coursesdecotedalsace.fr\/index.php?rest_route=\/wp\/v2\/pages"}],"about":[{"href":"https:\/\/coursesdecotedalsace.fr\/index.php?rest_route=\/wp\/v2\/types\/page"}],"author":[{"embeddable":true,"href":"https:\/\/coursesdecotedalsace.fr\/index.php?rest_route=\/wp\/v2\/users\/1"}],"replies":[{"embeddable":true,"href":"https:\/\/coursesdecotedalsace.fr\/index.php?rest_route=%2Fwp%2Fv2%2Fcomments&post=60"}],"version-history":[{"count":2,"href":"https:\/\/coursesdecotedalsace.fr\/index.php?rest_route=\/wp\/v2\/pages\/60\/revisions"}],"predecessor-version":[{"id":346,"href":"https:\/\/coursesdecotedalsace.fr\/index.php?rest_route=\/wp\/v2\/pages\/60\/revisions\/346"}],"up":[{"embeddable":true,"href":"https:\/\/coursesdecotedalsace.fr\/index.php?rest_route=\/wp\/v2\/pages\/14"}],"wp:attachment":[{"href":"https:\/\/coursesdecotedalsace.fr\/index.php?rest_route=%2Fwp%2Fv2%2Fmedia&parent=60"}],"curies":[{"name":"wp","href":"https:\/\/api.w.org\/{rel}","templated":true}]}}