{"id":61,"date":"2024-10-12T13:08:35","date_gmt":"2024-10-12T11:08:35","guid":{"rendered":"https:\/\/coursesdecotedalsace.fr\/?page_id=61"},"modified":"2024-10-19T21:54:32","modified_gmt":"2024-10-19T19:54:32","slug":"1979-2","status":"publish","type":"page","link":"https:\/\/coursesdecotedalsace.fr\/?page_id=61","title":{"rendered":"1979"},"content":{"rendered":"\n<p>C\u2019est le champion de France de la Montagne 1977 Christian DEBIAS (Martini MK 28) qui s\u2019impose et qui signe un nouveau record de la mont\u00e9e en 1\u201946\u2019\u201944. Alain PERRIN (Martini MK 25) est deuxi\u00e8me. La troisi\u00e8me place du podium est occup\u00e9e par le leader de la cat\u00e9gorie \u00ab&nbsp;sport prototype&nbsp;\u00bb Alain SCHICK (TOJ SC 04).<\/p>\n\n\n\n<p>La r\u00e9fection de la chauss\u00e9e n\u2019est pas \u00e9trang\u00e8re \u00e0 l\u2019am\u00e9lioration de tous les records de chaque cat\u00e9gorie.<\/p>\n\n\n\n<p>Scratch 1&nbsp;: DEBIAS Christian (Martini MK 28) \u2013 1\u201946\u2019\u201944<br>Scratch 2&nbsp;: PERRIN Alain (Martini MK 25) \u2013 1\u201950\u2019\u201925<br>Scratch 3&nbsp;: SCHICK Alain (TOJ SC 04) \u2013 1\u201951\u2019\u201901<br>Groupe 1&nbsp;: DOSIERES Francis (Ford Escort RS 2000) \u2013 2\u201911\u2019\u201916<br>Groupe 2&nbsp;: PEAN Roger (Simca Rallye 3) \u2013 2\u201909\u2019\u201945<br>Groupe 3&nbsp;: ROUSSELY Francis (Porsche 911 Carrera) \u2013 2\u201911\u2019\u201938<br>Groupe 4&nbsp;: GROBOT Bernard-Etienne (Porsche 911 Carrera) \u2013 2\u201904\u2019\u201957<br>Groupe 5&nbsp;: BUEHRER Nicolas (Ferrari 365 GTB 4) \u2013 2\u201909\u2019\u201943<br>Groupe 6&nbsp;: SCHICK Alain (TOJ SC 04) \u2013 1\u201951\u2019\u201901<br>Groupe 7\/8&nbsp;: DEBIAS Christian (Martini MK 28) \u2013 1\u201946\u2019\u201944<\/p>\n\n\n\n<div class=\"wp-block-file\"><a id=\"wp-block-file--media-5887ee21-b006-4ea9-8602-bb73476207d7\" href=\"https:\/\/coursesdecotedalsace.fr\/wp-content\/uploads\/2024\/10\/Classement-1979-Fouchy.pdf\" target=\"_blank\" rel=\"noreferrer noopener\">Classement 1979 Fouchy<\/a><\/div>\n","protected":false},"excerpt":{"rendered":"<p>C\u2019est le champion de France de la Montagne 1977 Christian DEBIAS (Martini MK 28) qui s\u2019impose et qui signe un nouveau record de la mont\u00e9e en 1\u201946\u2019\u201944. Alain PERRIN (Martini MK 25) est deuxi\u00e8me. La troisi\u00e8me place du podium est occup\u00e9e par le leader de la cat\u00e9gorie \u00ab&nbsp;sport prototype&nbsp;\u00bb Alain SCHICK (TOJ SC 04). La [&hellip;]<\/p>\n","protected":false},"author":1,"featured_media":0,"parent":14,"menu_order":0,"comment_status":"closed","ping_status":"closed","template":"","meta":{"footnotes":""},"class_list":["post-61","page","type-page","status-publish","hentry"],"_links":{"self":[{"href":"https:\/\/coursesdecotedalsace.fr\/index.php?rest_route=\/wp\/v2\/pages\/61","targetHints":{"allow":["GET"]}}],"collection":[{"href":"https:\/\/coursesdecotedalsace.fr\/index.php?rest_route=\/wp\/v2\/pages"}],"about":[{"href":"https:\/\/coursesdecotedalsace.fr\/index.php?rest_route=\/wp\/v2\/types\/page"}],"author":[{"embeddable":true,"href":"https:\/\/coursesdecotedalsace.fr\/index.php?rest_route=\/wp\/v2\/users\/1"}],"replies":[{"embeddable":true,"href":"https:\/\/coursesdecotedalsace.fr\/index.php?rest_route=%2Fwp%2Fv2%2Fcomments&post=61"}],"version-history":[{"count":2,"href":"https:\/\/coursesdecotedalsace.fr\/index.php?rest_route=\/wp\/v2\/pages\/61\/revisions"}],"predecessor-version":[{"id":347,"href":"https:\/\/coursesdecotedalsace.fr\/index.php?rest_route=\/wp\/v2\/pages\/61\/revisions\/347"}],"up":[{"embeddable":true,"href":"https:\/\/coursesdecotedalsace.fr\/index.php?rest_route=\/wp\/v2\/pages\/14"}],"wp:attachment":[{"href":"https:\/\/coursesdecotedalsace.fr\/index.php?rest_route=%2Fwp%2Fv2%2Fmedia&parent=61"}],"curies":[{"name":"wp","href":"https:\/\/api.w.org\/{rel}","templated":true}]}}