{"id":63,"date":"2024-10-12T13:08:35","date_gmt":"2024-10-12T11:08:35","guid":{"rendered":"https:\/\/coursesdecotedalsace.fr\/?page_id=63"},"modified":"2024-10-19T21:55:59","modified_gmt":"2024-10-19T19:55:59","slug":"1981-2","status":"publish","type":"page","link":"https:\/\/coursesdecotedalsace.fr\/?page_id=63","title":{"rendered":"1981"},"content":{"rendered":"\n<p>L\u2019\u00e9preuve est inscrite au championnat de France 2\u00e8me division.<\/p>\n\n\n\n<p>C\u2019est l\u2019ancien double vainqueur (1977, 1978) Freddy ROLAND qui s\u2019impose \u00e0 nouveau tout en am\u00e9liorant le nouveau record de l\u2019\u00e9preuve de 2 centi\u00e8mes (3\u201930\u2019\u201945) et celui de la mont\u00e9e de 63 centi\u00e8mes (1\u201944\u2019\u201945). Le deuxi\u00e8me est une femme, Anne BAVEREY. Le troisi\u00e8me est Alain BONNET. Le podium pr\u00e9sente la particularit\u00e9 d\u2019\u00eatre constitu\u00e9 d\u2019un seul mod\u00e8le de monoplace, la Ralt RT1.<\/p>\n\n\n\n<p>Scratch 1&nbsp;: ROLAND Freddy (Ralt RT 1) \u2013 3\u201930\u201945<br>Scratch 2&nbsp;: BAVEREY Anne (Ralt RT 1) \u2013 3\u201931\u2019\u201982<br>Scratch 3&nbsp;: BONNET Alain (Ralt RT 1) \u2013 3\u201943\u2019\u201988<br>Groupe 1&nbsp;: DOSIERES Francis (Ford Escort RS 2000) \u2013 4\u201920\u2019\u201921<br>Groupe 2&nbsp;: LECLERC Philippe (BMW 320) \u2013 4\u201903\u2019\u201968<br>Groupe 3&nbsp;: BAUER Gilbert (Renault 5 turbo) \u2013 4\u201925\u2019\u201965<br>Groupe 4&nbsp;: GROBOT Bernard-Etienne (Porsche 911 Carrera) \u2013 4\u201911\u2019\u201931<br>Groupe 5&nbsp;: BERTAPELLE Valentin (Porsche 934) \u2013 3\u201958\u2019\u201996<br>Groupe 6&nbsp;: JAUSLIN Rudy (Lola T 286) \u2013 3\u201950\u2019\u201950<br>Groupe 7\/8 : ROLAND Freddy (Ralt RT 1) \u2013 3\u201930\u2019\u201945<\/p>\n\n\n\n<div class=\"wp-block-file\"><a id=\"wp-block-file--media-99e6917e-2d5f-408d-a977-46a6bd29928a\" href=\"https:\/\/coursesdecotedalsace.fr\/wp-content\/uploads\/2024\/10\/Classement-1981-Fouchy.pdf\" target=\"_blank\" rel=\"noreferrer noopener\">Classement 1981 Fouchy<\/a><\/div>\n","protected":false},"excerpt":{"rendered":"<p>L\u2019\u00e9preuve est inscrite au championnat de France 2\u00e8me division. C\u2019est l\u2019ancien double vainqueur (1977, 1978) Freddy ROLAND qui s\u2019impose \u00e0 nouveau tout en am\u00e9liorant le nouveau record de l\u2019\u00e9preuve de 2 centi\u00e8mes (3\u201930\u2019\u201945) et celui de la mont\u00e9e de 63 centi\u00e8mes (1\u201944\u2019\u201945). Le deuxi\u00e8me est une femme, Anne BAVEREY. Le troisi\u00e8me est Alain BONNET. Le [&hellip;]<\/p>\n","protected":false},"author":1,"featured_media":0,"parent":14,"menu_order":0,"comment_status":"closed","ping_status":"closed","template":"","meta":{"footnotes":""},"class_list":["post-63","page","type-page","status-publish","hentry"],"_links":{"self":[{"href":"https:\/\/coursesdecotedalsace.fr\/index.php?rest_route=\/wp\/v2\/pages\/63","targetHints":{"allow":["GET"]}}],"collection":[{"href":"https:\/\/coursesdecotedalsace.fr\/index.php?rest_route=\/wp\/v2\/pages"}],"about":[{"href":"https:\/\/coursesdecotedalsace.fr\/index.php?rest_route=\/wp\/v2\/types\/page"}],"author":[{"embeddable":true,"href":"https:\/\/coursesdecotedalsace.fr\/index.php?rest_route=\/wp\/v2\/users\/1"}],"replies":[{"embeddable":true,"href":"https:\/\/coursesdecotedalsace.fr\/index.php?rest_route=%2Fwp%2Fv2%2Fcomments&post=63"}],"version-history":[{"count":2,"href":"https:\/\/coursesdecotedalsace.fr\/index.php?rest_route=\/wp\/v2\/pages\/63\/revisions"}],"predecessor-version":[{"id":349,"href":"https:\/\/coursesdecotedalsace.fr\/index.php?rest_route=\/wp\/v2\/pages\/63\/revisions\/349"}],"up":[{"embeddable":true,"href":"https:\/\/coursesdecotedalsace.fr\/index.php?rest_route=\/wp\/v2\/pages\/14"}],"wp:attachment":[{"href":"https:\/\/coursesdecotedalsace.fr\/index.php?rest_route=%2Fwp%2Fv2%2Fmedia&parent=63"}],"curies":[{"name":"wp","href":"https:\/\/api.w.org\/{rel}","templated":true}]}}