{"id":66,"date":"2024-10-12T13:08:35","date_gmt":"2024-10-12T11:08:35","guid":{"rendered":"https:\/\/coursesdecotedalsace.fr\/?page_id=66"},"modified":"2024-10-19T21:58:55","modified_gmt":"2024-10-19T19:58:55","slug":"1984-2","status":"publish","type":"page","link":"https:\/\/coursesdecotedalsace.fr\/?page_id=66","title":{"rendered":"1984"},"content":{"rendered":"\n<p>Ann\u00e9e du scandale avec la victoire sur le terrain de la Martini MK 43 de Marc SOURD (3\u201919\u2019\u201906 + record de la mont\u00e9e en 1\u201939\u2019\u201946), et celle sur tapis vert de Marcel TARRES (temps retenu&nbsp;: 3\u201919\u2019\u201957 + record de la mont\u00e9e en 1\u201939\u2019\u201970) suite \u00e0 une r\u00e9clamation de ce dernier pour non-conformit\u00e9 technique de la voiture de son adversaire.<\/p>\n\n\n\n<p>Scratch 1 : TARRES Marcel (Martini MT 01) \u2013 3\u201919\u2019\u201957<br>Scratch 2 : BAVEREY Anne (Martini MT 02) \u2013 3\u201924\u2019\u201970<br>Scratch 3 : NERGUTI Nani (Martini MK 28) \u2013 3\u201924\u2019\u201998<br>Groupe N&nbsp;: LEGENDRE Patrick (VW Golf GTI) \u2013 4\u201932\u2019\u201962<br>Groupe A&nbsp;: DOSIERES Francis (BMW 528) \u2013 4\u201904\u2019\u201959<br>Groupe B&nbsp;: PAQUET G\u00e9rard (Renault 5 turbo) \u2013 3\u201958\u2019\u201995<br>Groupe S&nbsp;: LECLERC Philippe (BMW 323) \u2013 4\u201904\u2019\u201930<br>Groupe 6&nbsp;: XIBERRAS G\u00e9rard (Lola T 298) \u2013 3\u201928\u2019\u201942<br>Groupe E&nbsp;: TARRES Marcel (Martini MT 01) \u2013 3\u201919\u2019\u201957<\/p>\n\n\n\n<div class=\"wp-block-file\"><a id=\"wp-block-file--media-3cd1aae1-afd4-4f77-825e-63b90b0dc509\" href=\"https:\/\/coursesdecotedalsace.fr\/wp-content\/uploads\/2024\/10\/Classement-1984-Fouchy.pdf\" target=\"_blank\" rel=\"noreferrer noopener\">Classement 1984 Fouchy<\/a><\/div>\n","protected":false},"excerpt":{"rendered":"<p>Ann\u00e9e du scandale avec la victoire sur le terrain de la Martini MK 43 de Marc SOURD (3\u201919\u2019\u201906 + record de la mont\u00e9e en 1\u201939\u2019\u201946), et celle sur tapis vert de Marcel TARRES (temps retenu&nbsp;: 3\u201919\u2019\u201957 + record de la mont\u00e9e en 1\u201939\u2019\u201970) suite \u00e0 une r\u00e9clamation de ce dernier pour non-conformit\u00e9 technique de la [&hellip;]<\/p>\n","protected":false},"author":1,"featured_media":0,"parent":14,"menu_order":0,"comment_status":"closed","ping_status":"closed","template":"","meta":{"footnotes":""},"class_list":["post-66","page","type-page","status-publish","hentry"],"_links":{"self":[{"href":"https:\/\/coursesdecotedalsace.fr\/index.php?rest_route=\/wp\/v2\/pages\/66","targetHints":{"allow":["GET"]}}],"collection":[{"href":"https:\/\/coursesdecotedalsace.fr\/index.php?rest_route=\/wp\/v2\/pages"}],"about":[{"href":"https:\/\/coursesdecotedalsace.fr\/index.php?rest_route=\/wp\/v2\/types\/page"}],"author":[{"embeddable":true,"href":"https:\/\/coursesdecotedalsace.fr\/index.php?rest_route=\/wp\/v2\/users\/1"}],"replies":[{"embeddable":true,"href":"https:\/\/coursesdecotedalsace.fr\/index.php?rest_route=%2Fwp%2Fv2%2Fcomments&post=66"}],"version-history":[{"count":3,"href":"https:\/\/coursesdecotedalsace.fr\/index.php?rest_route=\/wp\/v2\/pages\/66\/revisions"}],"predecessor-version":[{"id":352,"href":"https:\/\/coursesdecotedalsace.fr\/index.php?rest_route=\/wp\/v2\/pages\/66\/revisions\/352"}],"up":[{"embeddable":true,"href":"https:\/\/coursesdecotedalsace.fr\/index.php?rest_route=\/wp\/v2\/pages\/14"}],"wp:attachment":[{"href":"https:\/\/coursesdecotedalsace.fr\/index.php?rest_route=%2Fwp%2Fv2%2Fmedia&parent=66"}],"curies":[{"name":"wp","href":"https:\/\/api.w.org\/{rel}","templated":true}]}}