{"id":68,"date":"2024-10-12T13:08:35","date_gmt":"2024-10-12T11:08:35","guid":{"rendered":"https:\/\/coursesdecotedalsace.fr\/?page_id=68"},"modified":"2024-10-19T22:06:54","modified_gmt":"2024-10-19T20:06:54","slug":"1986-2","status":"publish","type":"page","link":"https:\/\/coursesdecotedalsace.fr\/?page_id=68","title":{"rendered":"1986"},"content":{"rendered":"\n<p>Edition de mill\u00e9sime moyen en raison d\u2019un bon nombre d\u2019absents partis disputer une manche du championnat d\u2019Europe se d\u00e9roulant le m\u00eame jour, mais Marcel TARRES est pr\u00e9sent et toujours vainqueur.<\/p>\n\n\n\n<p>L\u2019absence des t\u00e9nors permet aux amateurs \u00e9clair\u00e9s de briller, tel le parisien CHAPUIS en Groupe N au volant de sa petite Renault 5 GT turbo qui s\u2019impose. Les 5 premiers de ce groupe sont \u00e9quip\u00e9s du m\u00eame mod\u00e8le de voiture.<\/p>\n\n\n\n<p>Scratch 1 : TARRES Marcel (Martini MK 49) \u2013 3\u201921\u2019\u201932<br>Scratch 2 : BOCCARD Daniel (Martini MK 43) \u2013 3\u201923\u2019\u201926<br>Scratch 3 : DILLMANN G\u00e9rard (AGS) \u2013 3\u201927\u2019\u201971<br>Groupe N&nbsp;: CHAPUIS Alain (Renault 5 GT turbo) \u2013 4\u201924\u2019\u201992<br>Groupe A&nbsp;: PIGNARD Michel (BMW 635) \u2013 4\u201910\u2019\u201949<br>Groupe B&nbsp;: DUBY Jean-Christian (Peugeot 205 turbo 16) \u2013 3\u201953\u2019\u201965<br>Groupe S&nbsp;: L\u2019HERMET Roger (CG) \u2013 4\u201914\u2019\u201939<br>Groupe 6&nbsp;: ROLAND Freddy (Lola T 297) \u2013 3\u201940\u2019\u201957<br>Groupe E&nbsp;: TARRES Marcel (Martini MK 49) \u2013 3\u201921\u2019\u201932<\/p>\n\n\n\n<div class=\"wp-block-file\"><a id=\"wp-block-file--media-b6e3190b-677b-4e18-ad55-52feb83c30b1\" href=\"https:\/\/coursesdecotedalsace.fr\/wp-content\/uploads\/2024\/10\/Classement-1986-Fouchy.pdf\" target=\"_blank\" rel=\"noreferrer noopener\">Classement 1986 Fouchy<\/a><\/div>\n","protected":false},"excerpt":{"rendered":"<p>Edition de mill\u00e9sime moyen en raison d\u2019un bon nombre d\u2019absents partis disputer une manche du championnat d\u2019Europe se d\u00e9roulant le m\u00eame jour, mais Marcel TARRES est pr\u00e9sent et toujours vainqueur. L\u2019absence des t\u00e9nors permet aux amateurs \u00e9clair\u00e9s de briller, tel le parisien CHAPUIS en Groupe N au volant de sa petite Renault 5 GT turbo [&hellip;]<\/p>\n","protected":false},"author":1,"featured_media":0,"parent":14,"menu_order":0,"comment_status":"closed","ping_status":"closed","template":"","meta":{"footnotes":""},"class_list":["post-68","page","type-page","status-publish","hentry"],"_links":{"self":[{"href":"https:\/\/coursesdecotedalsace.fr\/index.php?rest_route=\/wp\/v2\/pages\/68","targetHints":{"allow":["GET"]}}],"collection":[{"href":"https:\/\/coursesdecotedalsace.fr\/index.php?rest_route=\/wp\/v2\/pages"}],"about":[{"href":"https:\/\/coursesdecotedalsace.fr\/index.php?rest_route=\/wp\/v2\/types\/page"}],"author":[{"embeddable":true,"href":"https:\/\/coursesdecotedalsace.fr\/index.php?rest_route=\/wp\/v2\/users\/1"}],"replies":[{"embeddable":true,"href":"https:\/\/coursesdecotedalsace.fr\/index.php?rest_route=%2Fwp%2Fv2%2Fcomments&post=68"}],"version-history":[{"count":2,"href":"https:\/\/coursesdecotedalsace.fr\/index.php?rest_route=\/wp\/v2\/pages\/68\/revisions"}],"predecessor-version":[{"id":355,"href":"https:\/\/coursesdecotedalsace.fr\/index.php?rest_route=\/wp\/v2\/pages\/68\/revisions\/355"}],"up":[{"embeddable":true,"href":"https:\/\/coursesdecotedalsace.fr\/index.php?rest_route=\/wp\/v2\/pages\/14"}],"wp:attachment":[{"href":"https:\/\/coursesdecotedalsace.fr\/index.php?rest_route=%2Fwp%2Fv2%2Fmedia&parent=68"}],"curies":[{"name":"wp","href":"https:\/\/api.w.org\/{rel}","templated":true}]}}