{"id":69,"date":"2024-10-12T13:08:35","date_gmt":"2024-10-12T11:08:35","guid":{"rendered":"https:\/\/coursesdecotedalsace.fr\/?page_id=69"},"modified":"2024-10-19T22:07:36","modified_gmt":"2024-10-19T20:07:36","slug":"1987-2","status":"publish","type":"page","link":"https:\/\/coursesdecotedalsace.fr\/?page_id=69","title":{"rendered":"1987"},"content":{"rendered":"\n<p>Marcel TARRES est pr\u00e9sent \u2026 dans un fauteuil roulant en raison d\u2019un accident en d\u00e9but de saison lui ayant bris\u00e9 ses deux talons. Il s\u2019aligne quand m\u00eame au d\u00e9part mais ne peut faire mieux que 5\u00e8me.<\/p>\n\n\n\n<p>Le malheur des uns faisant le bonheur des autres, c\u2019est Daniel BOCCARD (Martini MK 42) qui remporte l\u2019\u00e9preuve.<\/p>\n\n\n\n<p>Scratch 1 : BOCCARD Daniel (Martini MK 42) \u2013 3\u201919\u2019\u201983<br>Scratch 2 : DILLMANN G\u00e9rard (Martini MK 45) \u2013 3\u201922\u2019\u201947<br>Scratch 3 : DEBIAS Christian (Martini MK 42) \u2013 3\u201922\u2019\u201995<br>Groupe N&nbsp;: HOFFNER Daniel (Ford Sierra Cosworth) \u2013 4\u201911\u2019\u201982<br>Groupe A&nbsp;: DOSIERES Francis (BMW 635) \u2013 3\u201959\u2019\u201968<br>Groupe B&nbsp;: PAQUET G\u00e9rard (Lancia Delta S 4) \u2013 3\u201945\u2019\u201945<br>Groupe F&nbsp;: COPET Roger (Simca Rallye 2) \u2013 4\u201908\u2019\u201990<br>Groupe P\/J&nbsp;: SCHICK Alain (Lola T 298) \u2013 3\u201931\u2019\u201989<br>Groupe E&nbsp;: BOCCARD Daniel (Martini MK 42) \u2013 3\u201919\u2019\u201983<\/p>\n\n\n\n<div class=\"wp-block-file\"><a id=\"wp-block-file--media-28b9ac8b-0961-4d07-9f26-0c07fab6dbdc\" href=\"https:\/\/coursesdecotedalsace.fr\/wp-content\/uploads\/2024\/10\/Classement-1987-Fouchy.pdf\" target=\"_blank\" rel=\"noreferrer noopener\">Classement 1987 Fouchy<\/a><\/div>\n","protected":false},"excerpt":{"rendered":"<p>Marcel TARRES est pr\u00e9sent \u2026 dans un fauteuil roulant en raison d\u2019un accident en d\u00e9but de saison lui ayant bris\u00e9 ses deux talons. Il s\u2019aligne quand m\u00eame au d\u00e9part mais ne peut faire mieux que 5\u00e8me. Le malheur des uns faisant le bonheur des autres, c\u2019est Daniel BOCCARD (Martini MK 42) qui remporte l\u2019\u00e9preuve. Scratch [&hellip;]<\/p>\n","protected":false},"author":1,"featured_media":0,"parent":14,"menu_order":0,"comment_status":"closed","ping_status":"closed","template":"","meta":{"footnotes":""},"class_list":["post-69","page","type-page","status-publish","hentry"],"_links":{"self":[{"href":"https:\/\/coursesdecotedalsace.fr\/index.php?rest_route=\/wp\/v2\/pages\/69","targetHints":{"allow":["GET"]}}],"collection":[{"href":"https:\/\/coursesdecotedalsace.fr\/index.php?rest_route=\/wp\/v2\/pages"}],"about":[{"href":"https:\/\/coursesdecotedalsace.fr\/index.php?rest_route=\/wp\/v2\/types\/page"}],"author":[{"embeddable":true,"href":"https:\/\/coursesdecotedalsace.fr\/index.php?rest_route=\/wp\/v2\/users\/1"}],"replies":[{"embeddable":true,"href":"https:\/\/coursesdecotedalsace.fr\/index.php?rest_route=%2Fwp%2Fv2%2Fcomments&post=69"}],"version-history":[{"count":2,"href":"https:\/\/coursesdecotedalsace.fr\/index.php?rest_route=\/wp\/v2\/pages\/69\/revisions"}],"predecessor-version":[{"id":356,"href":"https:\/\/coursesdecotedalsace.fr\/index.php?rest_route=\/wp\/v2\/pages\/69\/revisions\/356"}],"up":[{"embeddable":true,"href":"https:\/\/coursesdecotedalsace.fr\/index.php?rest_route=\/wp\/v2\/pages\/14"}],"wp:attachment":[{"href":"https:\/\/coursesdecotedalsace.fr\/index.php?rest_route=%2Fwp%2Fv2%2Fmedia&parent=69"}],"curies":[{"name":"wp","href":"https:\/\/api.w.org\/{rel}","templated":true}]}}