{"id":71,"date":"2024-10-12T13:08:35","date_gmt":"2024-10-12T11:08:35","guid":{"rendered":"https:\/\/coursesdecotedalsace.fr\/?page_id=71"},"modified":"2024-10-19T22:08:46","modified_gmt":"2024-10-19T20:08:46","slug":"1989-2","status":"publish","type":"page","link":"https:\/\/coursesdecotedalsace.fr\/?page_id=71","title":{"rendered":"1989"},"content":{"rendered":"\n<p>TARRES exerce toujours sa domination mais sent le souffle de ses adversaires dans sa nuque puisque sa marge n\u2019est plus que de 3 minuscules centi\u00e8mes (3\u201918\u2019\u201915 contre 3\u201918\u2019\u201918 pour BOCCARD).<\/p>\n\n\n\n<p>En groupe N, pour briller, c\u2019est une Ford Sierra Cosworth qu\u2019il faut piloter (les 5 premiers en sont \u00e9quip\u00e9s) et le plus rapide est Henri VUILLERMOZ qui passe pour la premi\u00e8re fois sous la barre des 4minutes (3\u201959\u2019\u201993) avec une voiture de cette cat\u00e9gorie.<\/p>\n\n\n\n<p>Scratch 1 : TARRES Marcel (Martini MK 56) \u2013 3\u201918\u2019\u201915<br>Scratch 2 : BOCCARD Daniel (Martini MK 49) \u2013 3\u201918\u201918<br>Scratch 3 : DEBIAS Christian (Martini MK 42) \u2013 3\u201920\u2019\u201931<br>Groupe N&nbsp;: VUILLERMOZ Henri (Ford Sierra Cosworth) \u2013 3\u201959\u2019\u201993<br>Groupe A&nbsp;: BOURGEON Daniel (BMW M3) \u2013 3\u201952\u2019\u201996<br>Groupe B&nbsp;: RENCK Bernard (Audi Quattro A2) \u2013 3\u201957\u2019\u201995<br>Groupe F&nbsp;: BASSELIN Claudy (Simca Rallye 3) \u2013 4\u201910\u2019\u201957<br>Groupe C3&nbsp;: CHAMBEROD Bernard (TOJ SC 206) \u2013 3\u201928\u2019\u201999<br>Groupe D\/E&nbsp;: TARRES Marcel (Martini MK 56) \u2013 3\u201918\u2019\u201915<\/p>\n\n\n\n<div class=\"wp-block-file\"><a id=\"wp-block-file--media-e07dbe8b-2091-4f07-ac16-789dcbb2c6ff\" href=\"https:\/\/coursesdecotedalsace.fr\/wp-content\/uploads\/2024\/10\/Classement-1989-Fouchy.pdf\" target=\"_blank\" rel=\"noreferrer noopener\">Classement 1989 Fouchy<\/a><\/div>\n","protected":false},"excerpt":{"rendered":"<p>TARRES exerce toujours sa domination mais sent le souffle de ses adversaires dans sa nuque puisque sa marge n\u2019est plus que de 3 minuscules centi\u00e8mes (3\u201918\u2019\u201915 contre 3\u201918\u2019\u201918 pour BOCCARD). En groupe N, pour briller, c\u2019est une Ford Sierra Cosworth qu\u2019il faut piloter (les 5 premiers en sont \u00e9quip\u00e9s) et le plus rapide est Henri [&hellip;]<\/p>\n","protected":false},"author":1,"featured_media":0,"parent":14,"menu_order":0,"comment_status":"closed","ping_status":"closed","template":"","meta":{"footnotes":""},"class_list":["post-71","page","type-page","status-publish","hentry"],"_links":{"self":[{"href":"https:\/\/coursesdecotedalsace.fr\/index.php?rest_route=\/wp\/v2\/pages\/71","targetHints":{"allow":["GET"]}}],"collection":[{"href":"https:\/\/coursesdecotedalsace.fr\/index.php?rest_route=\/wp\/v2\/pages"}],"about":[{"href":"https:\/\/coursesdecotedalsace.fr\/index.php?rest_route=\/wp\/v2\/types\/page"}],"author":[{"embeddable":true,"href":"https:\/\/coursesdecotedalsace.fr\/index.php?rest_route=\/wp\/v2\/users\/1"}],"replies":[{"embeddable":true,"href":"https:\/\/coursesdecotedalsace.fr\/index.php?rest_route=%2Fwp%2Fv2%2Fcomments&post=71"}],"version-history":[{"count":2,"href":"https:\/\/coursesdecotedalsace.fr\/index.php?rest_route=\/wp\/v2\/pages\/71\/revisions"}],"predecessor-version":[{"id":358,"href":"https:\/\/coursesdecotedalsace.fr\/index.php?rest_route=\/wp\/v2\/pages\/71\/revisions\/358"}],"up":[{"embeddable":true,"href":"https:\/\/coursesdecotedalsace.fr\/index.php?rest_route=\/wp\/v2\/pages\/14"}],"wp:attachment":[{"href":"https:\/\/coursesdecotedalsace.fr\/index.php?rest_route=%2Fwp%2Fv2%2Fmedia&parent=71"}],"curies":[{"name":"wp","href":"https:\/\/api.w.org\/{rel}","templated":true}]}}