{"id":72,"date":"2024-10-12T13:08:35","date_gmt":"2024-10-12T11:08:35","guid":{"rendered":"https:\/\/coursesdecotedalsace.fr\/?page_id=72"},"modified":"2024-10-19T22:09:25","modified_gmt":"2024-10-19T20:09:25","slug":"1990-2","status":"publish","type":"page","link":"https:\/\/coursesdecotedalsace.fr\/?page_id=72","title":{"rendered":"1990"},"content":{"rendered":"\n<p>15\u00e8me \u00e9dition de l\u2019\u00e9preuve en ce dimanche 24 juin 1990, et le vainqueur est \u2026 Marcel TARRES.<\/p>\n\n\n\n<p>Mais la vedette lui est vol\u00e9e par Bernard RENCK qui s\u2019aligne au volant d\u2019une magnifique Ferrari F 40 pour ce qui sera une des rares apparitions (l\u2019unique&nbsp;?) de ce mod\u00e8le en course de c\u00f4te. Cependant le trac\u00e9 tortueux de Fouchy n\u2019est pas id\u00e9al pour ce genre de voiture, qui s\u2019incline et laisse la victoire du groupe B \u00e0 l\u2019Audi Quattro de Patricia BERTAPELLE.<\/p>\n\n\n\n<p>Scratch 1 : TARRES Marcel (Martini MK 56) \u2013 3\u201920\u2019\u201994<br>Scratch 2 : BAVEREY Anne (Martini MK 56) \u2013 3\u201922\u2019\u201904<br>Scratch 3 : ARBEIT Michel (Martini MK 53) \u2013 3\u201924\u2019\u201971<br>Groupe N&nbsp;: GROBOT Bernard-Etienne (Ford Sierra Cosworth) \u2013 4\u201903\u2019\u201975<br>Groupe A&nbsp;: DOSIERES Francis (BMW M3) \u2013 3\u201953\u2019\u201994<br>Groupe B&nbsp;: BERTAPELLE Patricia (Audi Quattro) \u2013 4\u201913\u2019\u201920<br>Groupe F&nbsp;: SCHMITT Joseph (BMW 320) \u2013 4\u201906\u2019\u201992<br>Groupe C&nbsp;: CHAMBEROD Bernard (TOJ SC 206) \u2013 3\u201926\u2019\u201954<br>Groupe D\/E&nbsp;: TARRES Marcel (Martini MK 56) \u2013 3\u201920\u2019\u201994<\/p>\n\n\n\n<div class=\"wp-block-file\"><a id=\"wp-block-file--media-df3bb40c-d79a-4173-a693-a98ad12e71bb\" href=\"https:\/\/coursesdecotedalsace.fr\/wp-content\/uploads\/2024\/10\/Classement-1990-Fouchy.pdf\" target=\"_blank\" rel=\"noreferrer noopener\">Classement 1990 Fouchy<\/a><\/div>\n","protected":false},"excerpt":{"rendered":"<p>15\u00e8me \u00e9dition de l\u2019\u00e9preuve en ce dimanche 24 juin 1990, et le vainqueur est \u2026 Marcel TARRES. Mais la vedette lui est vol\u00e9e par Bernard RENCK qui s\u2019aligne au volant d\u2019une magnifique Ferrari F 40 pour ce qui sera une des rares apparitions (l\u2019unique&nbsp;?) de ce mod\u00e8le en course de c\u00f4te. Cependant le trac\u00e9 tortueux [&hellip;]<\/p>\n","protected":false},"author":1,"featured_media":0,"parent":14,"menu_order":0,"comment_status":"closed","ping_status":"closed","template":"","meta":{"footnotes":""},"class_list":["post-72","page","type-page","status-publish","hentry"],"_links":{"self":[{"href":"https:\/\/coursesdecotedalsace.fr\/index.php?rest_route=\/wp\/v2\/pages\/72","targetHints":{"allow":["GET"]}}],"collection":[{"href":"https:\/\/coursesdecotedalsace.fr\/index.php?rest_route=\/wp\/v2\/pages"}],"about":[{"href":"https:\/\/coursesdecotedalsace.fr\/index.php?rest_route=\/wp\/v2\/types\/page"}],"author":[{"embeddable":true,"href":"https:\/\/coursesdecotedalsace.fr\/index.php?rest_route=\/wp\/v2\/users\/1"}],"replies":[{"embeddable":true,"href":"https:\/\/coursesdecotedalsace.fr\/index.php?rest_route=%2Fwp%2Fv2%2Fcomments&post=72"}],"version-history":[{"count":2,"href":"https:\/\/coursesdecotedalsace.fr\/index.php?rest_route=\/wp\/v2\/pages\/72\/revisions"}],"predecessor-version":[{"id":359,"href":"https:\/\/coursesdecotedalsace.fr\/index.php?rest_route=\/wp\/v2\/pages\/72\/revisions\/359"}],"up":[{"embeddable":true,"href":"https:\/\/coursesdecotedalsace.fr\/index.php?rest_route=\/wp\/v2\/pages\/14"}],"wp:attachment":[{"href":"https:\/\/coursesdecotedalsace.fr\/index.php?rest_route=%2Fwp%2Fv2%2Fmedia&parent=72"}],"curies":[{"name":"wp","href":"https:\/\/api.w.org\/{rel}","templated":true}]}}