{"id":73,"date":"2024-10-12T13:08:35","date_gmt":"2024-10-12T11:08:35","guid":{"rendered":"https:\/\/coursesdecotedalsace.fr\/?page_id=73"},"modified":"2024-10-19T22:09:59","modified_gmt":"2024-10-19T20:09:59","slug":"1991-2","status":"publish","type":"page","link":"https:\/\/coursesdecotedalsace.fr\/?page_id=73","title":{"rendered":"1991"},"content":{"rendered":"\n<p>TARRES devait \u00eatre absent puisque engag\u00e9 ce m\u00eame week-end aux 24 Heures du Mans, mais un abandon pr\u00e9coce lui permet de s\u2019aligner au d\u00e9part \u2026 et de remporter l\u2019\u00e9preuve.<\/p>\n\n\n\n<p>Bataille de chiffonniers en groupe A de laquelle ressort vainqueur Francis DOSIERES (BMW M3) pour 22 centi\u00e8mes sur Jean-Christian DUBY (Ford Sierra RS 500) et 52 centi\u00e8mes sur Philippe LECLERC (Mercedes 190 Carlsson).<\/p>\n\n\n\n<p>Scratch 1 : TARRES Marcel (Martini MK 56) \u2013 3\u201920\u2019\u201944<br>Scratch 2 : REGAL Marc (Martini MK 46\/56) \u2013 3\u201922\u2019\u201948<br>Scratch 3 : DEBIAS Christian (Martini MK 58) \u2013 3\u201922\u2019\u201986<br>Groupe N&nbsp;: GROBOT Bernard-Etienne (Ford Sierra Cosworth) \u2013 3\u201958\u2019\u201927<br>Groupe A&nbsp;: DOSIERES Francis (BMW M3) \u2013 3\u201952\u2019\u201928<br>Groupe B&nbsp;: RENCK Bernard (Audi Quattro A2) \u2013 4\u201907\u2019\u201958<br>Groupe S&nbsp;: SCHMITT Joseph (BMW 320) \u2013 3\u201957\u2019\u201983<br>Groupe C&nbsp;: CHAMBEROD Bernard (TOJ SC 206) \u2013 3\u201926\u2019\u201933<br>Groupe D\/E&nbsp;: TARRES Marcel (Martini MK 56) \u2013 3\u201920\u2019\u201944<\/p>\n\n\n\n<div class=\"wp-block-file\"><a id=\"wp-block-file--media-262607c3-3193-4549-82fa-4bfd838c7e68\" href=\"https:\/\/coursesdecotedalsace.fr\/wp-content\/uploads\/2024\/10\/Classement-1991-Fouchy.pdf\" target=\"_blank\" rel=\"noreferrer noopener\">Classement 1991 Fouchy<\/a><\/div>\n","protected":false},"excerpt":{"rendered":"<p>TARRES devait \u00eatre absent puisque engag\u00e9 ce m\u00eame week-end aux 24 Heures du Mans, mais un abandon pr\u00e9coce lui permet de s\u2019aligner au d\u00e9part \u2026 et de remporter l\u2019\u00e9preuve. Bataille de chiffonniers en groupe A de laquelle ressort vainqueur Francis DOSIERES (BMW M3) pour 22 centi\u00e8mes sur Jean-Christian DUBY (Ford Sierra RS 500) et 52 [&hellip;]<\/p>\n","protected":false},"author":1,"featured_media":0,"parent":14,"menu_order":0,"comment_status":"closed","ping_status":"closed","template":"","meta":{"footnotes":""},"class_list":["post-73","page","type-page","status-publish","hentry"],"_links":{"self":[{"href":"https:\/\/coursesdecotedalsace.fr\/index.php?rest_route=\/wp\/v2\/pages\/73","targetHints":{"allow":["GET"]}}],"collection":[{"href":"https:\/\/coursesdecotedalsace.fr\/index.php?rest_route=\/wp\/v2\/pages"}],"about":[{"href":"https:\/\/coursesdecotedalsace.fr\/index.php?rest_route=\/wp\/v2\/types\/page"}],"author":[{"embeddable":true,"href":"https:\/\/coursesdecotedalsace.fr\/index.php?rest_route=\/wp\/v2\/users\/1"}],"replies":[{"embeddable":true,"href":"https:\/\/coursesdecotedalsace.fr\/index.php?rest_route=%2Fwp%2Fv2%2Fcomments&post=73"}],"version-history":[{"count":2,"href":"https:\/\/coursesdecotedalsace.fr\/index.php?rest_route=\/wp\/v2\/pages\/73\/revisions"}],"predecessor-version":[{"id":360,"href":"https:\/\/coursesdecotedalsace.fr\/index.php?rest_route=\/wp\/v2\/pages\/73\/revisions\/360"}],"up":[{"embeddable":true,"href":"https:\/\/coursesdecotedalsace.fr\/index.php?rest_route=\/wp\/v2\/pages\/14"}],"wp:attachment":[{"href":"https:\/\/coursesdecotedalsace.fr\/index.php?rest_route=%2Fwp%2Fv2%2Fmedia&parent=73"}],"curies":[{"name":"wp","href":"https:\/\/api.w.org\/{rel}","templated":true}]}}