{"id":75,"date":"2024-10-12T13:08:35","date_gmt":"2024-10-12T11:08:35","guid":{"rendered":"https:\/\/coursesdecotedalsace.fr\/?page_id=75"},"modified":"2024-10-19T22:11:22","modified_gmt":"2024-10-19T20:11:22","slug":"1993-2","status":"publish","type":"page","link":"https:\/\/coursesdecotedalsace.fr\/?page_id=75","title":{"rendered":"1993"},"content":{"rendered":"\n<p>Marcel TARRES fait ses adieux \u00e0 la c\u00f4te en s\u2019adjugeant une nouvelle victoire et de belle mani\u00e8re puisque des adversaires sont rel\u00e9gu\u00e9s \u00e0 plus de 2 secondes.<\/p>\n\n\n\n<p>Bernard CHAMBEROD (TOJ SC 206) signe, quant \u00e0 lui, sa 5\u00e8me victoire cons\u00e9cutive en groupe C en am\u00e9liorant quasiment chaque ann\u00e9e ses chronos. L\u00e0 aussi on dit bravo&nbsp;!<\/p>\n\n\n\n<p>Scratch 1 : TARRES Marcel (Martini MK 56) \u2013 3\u201916\u2019\u2019463<br>Scratch 2 : DEBIAS Christian (Martini MK 58) \u2013 3\u201918\u2019\u2019970<br>Scratch 3 : BOCCARD Daniel (Martini MK 56) \u2013 3\u201919\u2019\u2019645<br>Groupe N&nbsp;: JAKUBOWKI Fran\u00e7ois (Ford Escort Cosworth) \u2013 3\u201954\u2019\u2019160<br>Groupe A&nbsp;: VIARD Marcel (Lancia Delta Integrale) \u2013 3\u201959\u2019\u2019309<br>Groupe F&nbsp;: MARCHAL Fabrice (BMW 323) \u2013 4\u2019\u201900\u2019\u2019728<br>Groupe C&nbsp;: CHAMBEROD Bernard (TOJ SC 206) \u2013 3\u201923\u2019\u2019565<br>Groupe D\/E&nbsp;: TARRES Marcel (Martini MK 56) \u2013 3\u201916\u2019\u2019463<\/p>\n\n\n\n<div class=\"wp-block-file\"><a id=\"wp-block-file--media-df02d54a-b949-4e9d-b36b-775af574a173\" href=\"https:\/\/coursesdecotedalsace.fr\/wp-content\/uploads\/2024\/10\/Classement-1993-Fouchy.pdf\" target=\"_blank\" rel=\"noreferrer noopener\">Classement 1993 Fouchy<\/a><\/div>\n\n\n\n<p><\/p>\n","protected":false},"excerpt":{"rendered":"<p>Marcel TARRES fait ses adieux \u00e0 la c\u00f4te en s\u2019adjugeant une nouvelle victoire et de belle mani\u00e8re puisque des adversaires sont rel\u00e9gu\u00e9s \u00e0 plus de 2 secondes. Bernard CHAMBEROD (TOJ SC 206) signe, quant \u00e0 lui, sa 5\u00e8me victoire cons\u00e9cutive en groupe C en am\u00e9liorant quasiment chaque ann\u00e9e ses chronos. L\u00e0 aussi on dit bravo&nbsp;! [&hellip;]<\/p>\n","protected":false},"author":1,"featured_media":0,"parent":14,"menu_order":0,"comment_status":"closed","ping_status":"closed","template":"","meta":{"footnotes":""},"class_list":["post-75","page","type-page","status-publish","hentry"],"_links":{"self":[{"href":"https:\/\/coursesdecotedalsace.fr\/index.php?rest_route=\/wp\/v2\/pages\/75","targetHints":{"allow":["GET"]}}],"collection":[{"href":"https:\/\/coursesdecotedalsace.fr\/index.php?rest_route=\/wp\/v2\/pages"}],"about":[{"href":"https:\/\/coursesdecotedalsace.fr\/index.php?rest_route=\/wp\/v2\/types\/page"}],"author":[{"embeddable":true,"href":"https:\/\/coursesdecotedalsace.fr\/index.php?rest_route=\/wp\/v2\/users\/1"}],"replies":[{"embeddable":true,"href":"https:\/\/coursesdecotedalsace.fr\/index.php?rest_route=%2Fwp%2Fv2%2Fcomments&post=75"}],"version-history":[{"count":3,"href":"https:\/\/coursesdecotedalsace.fr\/index.php?rest_route=\/wp\/v2\/pages\/75\/revisions"}],"predecessor-version":[{"id":363,"href":"https:\/\/coursesdecotedalsace.fr\/index.php?rest_route=\/wp\/v2\/pages\/75\/revisions\/363"}],"up":[{"embeddable":true,"href":"https:\/\/coursesdecotedalsace.fr\/index.php?rest_route=\/wp\/v2\/pages\/14"}],"wp:attachment":[{"href":"https:\/\/coursesdecotedalsace.fr\/index.php?rest_route=%2Fwp%2Fv2%2Fmedia&parent=75"}],"curies":[{"name":"wp","href":"https:\/\/api.w.org\/{rel}","templated":true}]}}