{"id":76,"date":"2024-10-12T13:08:35","date_gmt":"2024-10-12T11:08:35","guid":{"rendered":"https:\/\/coursesdecotedalsace.fr\/?page_id=76"},"modified":"2024-10-19T22:11:55","modified_gmt":"2024-10-19T20:11:55","slug":"1994-2","status":"publish","type":"page","link":"https:\/\/coursesdecotedalsace.fr\/?page_id=76","title":{"rendered":"1994"},"content":{"rendered":"\n<p>TARRES \u00e0 la \u00ab&nbsp;retraite&nbsp;\u00bb, la route est d\u00e9gag\u00e9e pour ses adversaires, et c\u2019est le revenant Christian DEBIAS (vainqueur en 1979 et 1980) qui s\u2019impose \u00e0 nouveau et qui endossera un nouveau titre de champion de France en fin de saison, 17 ans apr\u00e8s le pr\u00e9c\u00e9dent (1977). Bernard CHAMBEROD continue sa progression et vient squatter la deuxi\u00e8me marche du podium avec sa barquette.<\/p>\n\n\n\n<p>Scratch 1 : DEBIAS Christian (Martini MK 58) \u2013 3\u201917\u2019\u2019764<br>Scratch 2 : CHAMBEROD Bernard (TOJ SC 206) \u2013 3\u201921\u2019\u2019999<br>Scratch 3 : MURISIER Jean-Daniel (Martini MK 56) \u2013 3\u201923\u2019\u2019488<br>Groupe N&nbsp;: JAKUBOWSKI Fran\u00e7ois (Ford Sierra Cosworth) \u2013 3\u201957\u2019\u2019040<br>Groupe A&nbsp;: DOSIERES Francis (BMW M3) \u2013 3\u201952\u2019\u2019697<br>Groupe F&nbsp;: MARCHAL Fabrice (BMW 323) \u2013 3\u201948\u2019\u2019377<br>Groupe C3&nbsp;: CHAMBEROD Bernard (TOJ SC 206) \u2013 3\u201921\u2019\u2019999<br>Groupe D\/E&nbsp;: DEBIAS Christian (Martini MK 58) \u2013 3\u201917\u2019\u2019764<\/p>\n\n\n\n<div class=\"wp-block-file\"><a id=\"wp-block-file--media-011404e0-000f-41cc-b634-89543bd71594\" href=\"https:\/\/coursesdecotedalsace.fr\/wp-content\/uploads\/2024\/10\/Classement-1994-Fouchy.pdf\" target=\"_blank\" rel=\"noreferrer noopener\">Classement 1994 Fouchy<\/a><\/div>\n","protected":false},"excerpt":{"rendered":"<p>TARRES \u00e0 la \u00ab&nbsp;retraite&nbsp;\u00bb, la route est d\u00e9gag\u00e9e pour ses adversaires, et c\u2019est le revenant Christian DEBIAS (vainqueur en 1979 et 1980) qui s\u2019impose \u00e0 nouveau et qui endossera un nouveau titre de champion de France en fin de saison, 17 ans apr\u00e8s le pr\u00e9c\u00e9dent (1977). Bernard CHAMBEROD continue sa progression et vient squatter la [&hellip;]<\/p>\n","protected":false},"author":1,"featured_media":0,"parent":14,"menu_order":0,"comment_status":"closed","ping_status":"closed","template":"","meta":{"footnotes":""},"class_list":["post-76","page","type-page","status-publish","hentry"],"_links":{"self":[{"href":"https:\/\/coursesdecotedalsace.fr\/index.php?rest_route=\/wp\/v2\/pages\/76","targetHints":{"allow":["GET"]}}],"collection":[{"href":"https:\/\/coursesdecotedalsace.fr\/index.php?rest_route=\/wp\/v2\/pages"}],"about":[{"href":"https:\/\/coursesdecotedalsace.fr\/index.php?rest_route=\/wp\/v2\/types\/page"}],"author":[{"embeddable":true,"href":"https:\/\/coursesdecotedalsace.fr\/index.php?rest_route=\/wp\/v2\/users\/1"}],"replies":[{"embeddable":true,"href":"https:\/\/coursesdecotedalsace.fr\/index.php?rest_route=%2Fwp%2Fv2%2Fcomments&post=76"}],"version-history":[{"count":2,"href":"https:\/\/coursesdecotedalsace.fr\/index.php?rest_route=\/wp\/v2\/pages\/76\/revisions"}],"predecessor-version":[{"id":364,"href":"https:\/\/coursesdecotedalsace.fr\/index.php?rest_route=\/wp\/v2\/pages\/76\/revisions\/364"}],"up":[{"embeddable":true,"href":"https:\/\/coursesdecotedalsace.fr\/index.php?rest_route=\/wp\/v2\/pages\/14"}],"wp:attachment":[{"href":"https:\/\/coursesdecotedalsace.fr\/index.php?rest_route=%2Fwp%2Fv2%2Fmedia&parent=76"}],"curies":[{"name":"wp","href":"https:\/\/api.w.org\/{rel}","templated":true}]}}