{"id":79,"date":"2024-10-12T13:08:35","date_gmt":"2024-10-12T11:08:35","guid":{"rendered":"https:\/\/coursesdecotedalsace.fr\/?page_id=79"},"modified":"2024-10-19T22:13:42","modified_gmt":"2024-10-19T20:13:42","slug":"1997-2","status":"publish","type":"page","link":"https:\/\/coursesdecotedalsace.fr\/?page_id=79","title":{"rendered":"1997"},"content":{"rendered":"\n<p>Fabien FRANTZ (Martini MK 56) remporte la victoire de ce qui sera la derni\u00e8re \u00e9dition de la course de c\u00f4te de Fouchy.<\/p>\n\n\n\n<p>Francis DOSIERES y signe sa 15\u00e8me victoire de groupe (1, N, A et C3 confondus) alors que Bernard CHAMBEROD concr\u00e9tise un 9\u00e8me succ\u00e8s cons\u00e9cutif en groupe C.<\/p>\n\n\n\n<p>Bravo les artistes&nbsp;!<\/p>\n\n\n\n<p>Scratch 1 : FRANTZ Fabien (Martini MK 56) \u2013 3\u201932\u2019\u2019836<br>Scratch 2 : BOCCARD Daniel (Martini MK 69) \u2013 3\u201934\u2019\u2019119<br>Scratch 3 : SAPIN Claude (Martini MK 56) \u2013 3\u201938\u2019\u2019851<br>Groupe N&nbsp;: PUIGRENIER Herv\u00e9 (Ford Escort Cosworth) \u2013 4\u201911\u2019\u2019357<br>Groupe A&nbsp;: FRANCE Michel (Lancia Delta Integrale) \u2013 4\u201905\u2019\u2019934<br>Groupe GT&nbsp;: LESOUDIER Ga\u00ebl (Ferrari F 355) \u2013 4\u201904\u2019\u2019774<br>Groupe F&nbsp;: ALMERAS Jean-Marie (Porsche 911 bi-turbo) \u2013 4\u201902\u2019\u2019691<br>Groupe C3&nbsp;: CHAMBEROD Bernard (Norma M11) \u2013 3\u201939\u2019\u2019421<br>Groupe CN&nbsp;: DOSIERES Francis (Lucchini SP 394) \u2013 3\u201943\u2019\u2019401<br>Groupe D\/E&nbsp;: FRANTZ Fabien (Martini MK 56) \u2013 3\u201932\u2019\u2019836<\/p>\n\n\n\n<div class=\"wp-block-file\"><a id=\"wp-block-file--media-61e2f998-cca3-44bb-97c7-c4393e10f207\" href=\"https:\/\/coursesdecotedalsace.fr\/wp-content\/uploads\/2024\/10\/Classement-1997-Fouchy.pdf\" target=\"_blank\" rel=\"noreferrer noopener\">Classement 1997 Fouchy<\/a><\/div>\n","protected":false},"excerpt":{"rendered":"<p>Fabien FRANTZ (Martini MK 56) remporte la victoire de ce qui sera la derni\u00e8re \u00e9dition de la course de c\u00f4te de Fouchy. Francis DOSIERES y signe sa 15\u00e8me victoire de groupe (1, N, A et C3 confondus) alors que Bernard CHAMBEROD concr\u00e9tise un 9\u00e8me succ\u00e8s cons\u00e9cutif en groupe C. Bravo les artistes&nbsp;! Scratch 1 : [&hellip;]<\/p>\n","protected":false},"author":1,"featured_media":0,"parent":14,"menu_order":0,"comment_status":"closed","ping_status":"closed","template":"","meta":{"footnotes":""},"class_list":["post-79","page","type-page","status-publish","hentry"],"_links":{"self":[{"href":"https:\/\/coursesdecotedalsace.fr\/index.php?rest_route=\/wp\/v2\/pages\/79","targetHints":{"allow":["GET"]}}],"collection":[{"href":"https:\/\/coursesdecotedalsace.fr\/index.php?rest_route=\/wp\/v2\/pages"}],"about":[{"href":"https:\/\/coursesdecotedalsace.fr\/index.php?rest_route=\/wp\/v2\/types\/page"}],"author":[{"embeddable":true,"href":"https:\/\/coursesdecotedalsace.fr\/index.php?rest_route=\/wp\/v2\/users\/1"}],"replies":[{"embeddable":true,"href":"https:\/\/coursesdecotedalsace.fr\/index.php?rest_route=%2Fwp%2Fv2%2Fcomments&post=79"}],"version-history":[{"count":2,"href":"https:\/\/coursesdecotedalsace.fr\/index.php?rest_route=\/wp\/v2\/pages\/79\/revisions"}],"predecessor-version":[{"id":367,"href":"https:\/\/coursesdecotedalsace.fr\/index.php?rest_route=\/wp\/v2\/pages\/79\/revisions\/367"}],"up":[{"embeddable":true,"href":"https:\/\/coursesdecotedalsace.fr\/index.php?rest_route=\/wp\/v2\/pages\/14"}],"wp:attachment":[{"href":"https:\/\/coursesdecotedalsace.fr\/index.php?rest_route=%2Fwp%2Fv2%2Fmedia&parent=79"}],"curies":[{"name":"wp","href":"https:\/\/api.w.org\/{rel}","templated":true}]}}