{"id":81,"date":"2024-10-12T13:08:35","date_gmt":"2024-10-12T11:08:35","guid":{"rendered":"https:\/\/coursesdecotedalsace.fr\/?page_id=81"},"modified":"2024-11-09T21:20:41","modified_gmt":"2024-11-09T20:20:41","slug":"1968-2","status":"publish","type":"page","link":"https:\/\/coursesdecotedalsace.fr\/?page_id=81","title":{"rendered":"1968"},"content":{"rendered":"\n<p>12000 spectateurs sont pr\u00e9sents pour cette deuxi\u00e8me \u00e9dition qui voit le succ\u00e8s d\u2019un autre suisse, Hans KUHNIS, qui propulse sa Porsche Carrera 6 en haut de la feuille des temps en 2\u201911\u2019\u20190. Peter BONER et Marcel PETITJEAN placent leurs bolides aux deuxi\u00e8me et troisi\u00e8me positions. Roland HANSER et Fritz TRONDLIN renouvellent leurs succ\u00e8s de l\u2019ann\u00e9e derni\u00e8re en groupe 1 et 2\/5. Fritz LEINENWEBER remporte le groupe 3 au volant de sa Porsche 911 et se classe 7\u00e8me du g\u00e9n\u00e9ral.<\/p>\n\n\n\n<p>Scratch 1&nbsp;: Hans KUHNIS (Porsche Carrera 6)&nbsp;: 2\u201911\u2019\u20190<br>Scratch 2&nbsp;: Peter BONER (Mc Laren)&nbsp;: 2\u201914\u2019\u20194<br>Scratch 3&nbsp;: Marcel PETITJEAN (Porsche 904)&nbsp;: 2\u201916\u2019\u20193<br>Groupe 1&nbsp;: Roland HANSER (Chevrolet Camaro)&nbsp;: 2\u201929\u2019\u20193<br>Groupe 2\/5&nbsp;: Fritz TRONDLIN (Alfa Rom\u00e9o GTA)&nbsp;: 2\u201925\u2019\u20194<br>Groupe 3&nbsp;: Fritz LEINENWEBER (Porsche 911)&nbsp;: 2\u201924\u2019\u20190<br>Groupe 4\/6&nbsp;: Hans KUHNIS (Porsche Carrera 6)&nbsp;: 2\u201911\u2019\u20190<br>Groupe 7\/8\/9&nbsp;: Peter BONER (Mc Laren)&nbsp;: 2\u201914\u2019\u20194<\/p>\n\n\n\n<div class=\"wp-block-file\"><a id=\"wp-block-file--media-a64a1669-7eb9-4597-b7c6-8e8471b69bac\" href=\"https:\/\/coursesdecotedalsace.fr\/wp-content\/uploads\/2024\/11\/Classement-1968-Wissembourg.pdf\" target=\"_blank\" rel=\"noreferrer noopener\">Classement 1968 Wissembourg<\/a><\/div>\n\n\n\n<p><\/p>\n","protected":false},"excerpt":{"rendered":"<p>12000 spectateurs sont pr\u00e9sents pour cette deuxi\u00e8me \u00e9dition qui voit le succ\u00e8s d\u2019un autre suisse, Hans KUHNIS, qui propulse sa Porsche Carrera 6 en haut de la feuille des temps en 2\u201911\u2019\u20190. Peter BONER et Marcel PETITJEAN placent leurs bolides aux deuxi\u00e8me et troisi\u00e8me positions. Roland HANSER et Fritz TRONDLIN renouvellent leurs succ\u00e8s de l\u2019ann\u00e9e [&hellip;]<\/p>\n","protected":false},"author":1,"featured_media":0,"parent":16,"menu_order":0,"comment_status":"closed","ping_status":"closed","template":"","meta":{"footnotes":""},"class_list":["post-81","page","type-page","status-publish","hentry"],"_links":{"self":[{"href":"https:\/\/coursesdecotedalsace.fr\/index.php?rest_route=\/wp\/v2\/pages\/81","targetHints":{"allow":["GET"]}}],"collection":[{"href":"https:\/\/coursesdecotedalsace.fr\/index.php?rest_route=\/wp\/v2\/pages"}],"about":[{"href":"https:\/\/coursesdecotedalsace.fr\/index.php?rest_route=\/wp\/v2\/types\/page"}],"author":[{"embeddable":true,"href":"https:\/\/coursesdecotedalsace.fr\/index.php?rest_route=\/wp\/v2\/users\/1"}],"replies":[{"embeddable":true,"href":"https:\/\/coursesdecotedalsace.fr\/index.php?rest_route=%2Fwp%2Fv2%2Fcomments&post=81"}],"version-history":[{"count":2,"href":"https:\/\/coursesdecotedalsace.fr\/index.php?rest_route=\/wp\/v2\/pages\/81\/revisions"}],"predecessor-version":[{"id":402,"href":"https:\/\/coursesdecotedalsace.fr\/index.php?rest_route=\/wp\/v2\/pages\/81\/revisions\/402"}],"up":[{"embeddable":true,"href":"https:\/\/coursesdecotedalsace.fr\/index.php?rest_route=\/wp\/v2\/pages\/16"}],"wp:attachment":[{"href":"https:\/\/coursesdecotedalsace.fr\/index.php?rest_route=%2Fwp%2Fv2%2Fmedia&parent=81"}],"curies":[{"name":"wp","href":"https:\/\/api.w.org\/{rel}","templated":true}]}}