{"id":82,"date":"2024-10-12T13:08:35","date_gmt":"2024-10-12T11:08:35","guid":{"rendered":"https:\/\/coursesdecotedalsace.fr\/?page_id=82"},"modified":"2024-11-09T21:21:24","modified_gmt":"2024-11-09T20:21:24","slug":"1969-2","status":"publish","type":"page","link":"https:\/\/coursesdecotedalsace.fr\/?page_id=82","title":{"rendered":"1969"},"content":{"rendered":"\n<p>Troisi\u00e8me \u00e9dition en ce dimanche d\u2019\u00e9lections pr\u00e9sidentielles et nouveau succ\u00e8s d\u2019Hans KUHNIS qui am\u00e9liore son temps de l\u2019ann\u00e9e pr\u00e9c\u00e9dente de 3\u2019\u20196 mais ne parvient toutefois pas \u00e0 battre le record \u00e9tabli par Harry ZWEIFFEL lors de l\u2019\u00e9dition inaugurale. Marcel PETITJEAN, sur le m\u00eame mod\u00e8le de Porsche que le vainqueur (Carrera 6), grimpe d\u2019un rang \u00e0 la deuxi\u00e8me place et devance Arthur BLANK (Porsche 910). Belle performance de KAUS qui place sa Ferrari 275 GTB (Groupe 3) au septi\u00e8me rang.<br>\u00c9tonnamment ce sont trois R8 Gordini qui se placent en t\u00eate du groupe 1 avec Fran\u00e7ois GODICHARD en vainqueur.<\/p>\n\n\n\n<p>Scratch 1&nbsp;: Hans KUHNIS (Porsche Carrera 6)&nbsp;: 2\u201907\u2019\u20194<br>Scratch 2&nbsp;: Marcel PETITJEAN (Porsche Carrera 6)&nbsp;: 2\u201909\u2019\u20192<br>Scratch 3&nbsp;: Arthur BLANK (Porsche 910)&nbsp;: 2\u201910\u2019\u20192<br>Groupe 1&nbsp;: Fran\u00e7ois GODICHARD (Renault 8 G)&nbsp;: 2\u201951\u2019\u20192<br>Groupe 2\/5&nbsp;: L\u00e9opold GOTTRI (BMW 2002)&nbsp;: 2\u201926\u2019\u20191<br>Groupe 3&nbsp;: Rudy KRAUSS (Ferrari 275 GTB)&nbsp;: 2\u201922\u2019\u20190<br>Groupe 4\/6\/7&nbsp;: Hans KUHNIS (Porsche Carrera 6)&nbsp;: 2\u201907\u2019\u20194<br>Groupe 8\/9&nbsp;: Jacques JOLIAT (Cooper)&nbsp;: 2\u201916\u2019\u20192<\/p>\n\n\n\n<div class=\"wp-block-file\"><a id=\"wp-block-file--media-ee74a4d0-f020-4801-bad1-c2cbe841431b\" href=\"https:\/\/coursesdecotedalsace.fr\/wp-content\/uploads\/2024\/11\/Classement-1969-Wissembourg.pdf\" target=\"_blank\" rel=\"noreferrer noopener\">Classement 1969 Wissembourg<\/a><\/div>\n\n\n\n<p><\/p>\n","protected":false},"excerpt":{"rendered":"<p>Troisi\u00e8me \u00e9dition en ce dimanche d\u2019\u00e9lections pr\u00e9sidentielles et nouveau succ\u00e8s d\u2019Hans KUHNIS qui am\u00e9liore son temps de l\u2019ann\u00e9e pr\u00e9c\u00e9dente de 3\u2019\u20196 mais ne parvient toutefois pas \u00e0 battre le record \u00e9tabli par Harry ZWEIFFEL lors de l\u2019\u00e9dition inaugurale. Marcel PETITJEAN, sur le m\u00eame mod\u00e8le de Porsche que le vainqueur (Carrera 6), grimpe d\u2019un rang \u00e0 [&hellip;]<\/p>\n","protected":false},"author":1,"featured_media":0,"parent":16,"menu_order":0,"comment_status":"closed","ping_status":"closed","template":"","meta":{"footnotes":""},"class_list":["post-82","page","type-page","status-publish","hentry"],"_links":{"self":[{"href":"https:\/\/coursesdecotedalsace.fr\/index.php?rest_route=\/wp\/v2\/pages\/82","targetHints":{"allow":["GET"]}}],"collection":[{"href":"https:\/\/coursesdecotedalsace.fr\/index.php?rest_route=\/wp\/v2\/pages"}],"about":[{"href":"https:\/\/coursesdecotedalsace.fr\/index.php?rest_route=\/wp\/v2\/types\/page"}],"author":[{"embeddable":true,"href":"https:\/\/coursesdecotedalsace.fr\/index.php?rest_route=\/wp\/v2\/users\/1"}],"replies":[{"embeddable":true,"href":"https:\/\/coursesdecotedalsace.fr\/index.php?rest_route=%2Fwp%2Fv2%2Fcomments&post=82"}],"version-history":[{"count":2,"href":"https:\/\/coursesdecotedalsace.fr\/index.php?rest_route=\/wp\/v2\/pages\/82\/revisions"}],"predecessor-version":[{"id":403,"href":"https:\/\/coursesdecotedalsace.fr\/index.php?rest_route=\/wp\/v2\/pages\/82\/revisions\/403"}],"up":[{"embeddable":true,"href":"https:\/\/coursesdecotedalsace.fr\/index.php?rest_route=\/wp\/v2\/pages\/16"}],"wp:attachment":[{"href":"https:\/\/coursesdecotedalsace.fr\/index.php?rest_route=%2Fwp%2Fv2%2Fmedia&parent=82"}],"curies":[{"name":"wp","href":"https:\/\/api.w.org\/{rel}","templated":true}]}}