{"id":83,"date":"2024-10-12T13:08:35","date_gmt":"2024-10-12T11:08:35","guid":{"rendered":"https:\/\/coursesdecotedalsace.fr\/?page_id=83"},"modified":"2024-11-09T21:21:58","modified_gmt":"2024-11-09T20:21:58","slug":"1970-2","status":"publish","type":"page","link":"https:\/\/coursesdecotedalsace.fr\/?page_id=83","title":{"rendered":"1970"},"content":{"rendered":"\n<p>Encore un succ\u00e8s suisse en ce 7 juin 1970 avec la victoire de la Tecno F2 de Roland SALOMON qui est le premier \u00e0 passer sous le mur des deux minutes et qui fixe le nouveau record \u00e0 1\u201958\u2019\u20192. Ses deux compagnons de podium, Karl BUESS (Brabham) et Arthur BLANK (Porsche 910) battent aussi le record \u00e9tabli par Harry ZWEIFEL en 1967.<\/p>\n\n\n\n<p>Scratch 1&nbsp;: Roland SALOMON (Tecno F2)&nbsp;: 1\u201958\u2019\u20192<br>Scratch 2&nbsp;: Karl BUESS (Brabham F2)&nbsp;: 2\u201901\u2019\u20193<br>Scratch 3&nbsp;: Arthur BLANK (Porsche 910)&nbsp;: 2\u201902\u2019\u20190<br>Groupe 1&nbsp;: Jean-Jacques EISENBACH (BMW 2002)&nbsp;: 2\u201940\u2019\u20191<br>Groupe 2&nbsp;: L\u00e9opold GOTTRI (BMW 2002)&nbsp;: 2\u201926\u2019\u20194<br>Groupe 3&nbsp;: Ren\u00e9 MAECHLER (Porsche 911)&nbsp;: 2\u201932\u2019\u20190<br>Groupe 4&nbsp;: Fritz LEINENWEBER (Porsche 914)&nbsp;: 2\u201918\u2019\u20190<br>Groupe 5\/6\/7&nbsp;: Arthur BLANK (Porsche 910)&nbsp;: 2\u201902\u2019\u20190<br>Groupe 8\/9&nbsp;: Roland SALOMON (Tecno F2)&nbsp;: 1\u201958\u2019\u20192<\/p>\n\n\n\n<div class=\"wp-block-file\"><a id=\"wp-block-file--media-f15c3525-6ade-4fa7-9a51-14877b72d0d1\" href=\"https:\/\/coursesdecotedalsace.fr\/wp-content\/uploads\/2024\/11\/Classement-1970-Wissembourg.pdf\" target=\"_blank\" rel=\"noreferrer noopener\">Classement 1970 Wissembourg<\/a><\/div>\n","protected":false},"excerpt":{"rendered":"<p>Encore un succ\u00e8s suisse en ce 7 juin 1970 avec la victoire de la Tecno F2 de Roland SALOMON qui est le premier \u00e0 passer sous le mur des deux minutes et qui fixe le nouveau record \u00e0 1\u201958\u2019\u20192. Ses deux compagnons de podium, Karl BUESS (Brabham) et Arthur BLANK (Porsche 910) battent aussi le [&hellip;]<\/p>\n","protected":false},"author":1,"featured_media":0,"parent":16,"menu_order":0,"comment_status":"closed","ping_status":"closed","template":"","meta":{"footnotes":""},"class_list":["post-83","page","type-page","status-publish","hentry"],"_links":{"self":[{"href":"https:\/\/coursesdecotedalsace.fr\/index.php?rest_route=\/wp\/v2\/pages\/83","targetHints":{"allow":["GET"]}}],"collection":[{"href":"https:\/\/coursesdecotedalsace.fr\/index.php?rest_route=\/wp\/v2\/pages"}],"about":[{"href":"https:\/\/coursesdecotedalsace.fr\/index.php?rest_route=\/wp\/v2\/types\/page"}],"author":[{"embeddable":true,"href":"https:\/\/coursesdecotedalsace.fr\/index.php?rest_route=\/wp\/v2\/users\/1"}],"replies":[{"embeddable":true,"href":"https:\/\/coursesdecotedalsace.fr\/index.php?rest_route=%2Fwp%2Fv2%2Fcomments&post=83"}],"version-history":[{"count":2,"href":"https:\/\/coursesdecotedalsace.fr\/index.php?rest_route=\/wp\/v2\/pages\/83\/revisions"}],"predecessor-version":[{"id":404,"href":"https:\/\/coursesdecotedalsace.fr\/index.php?rest_route=\/wp\/v2\/pages\/83\/revisions\/404"}],"up":[{"embeddable":true,"href":"https:\/\/coursesdecotedalsace.fr\/index.php?rest_route=\/wp\/v2\/pages\/16"}],"wp:attachment":[{"href":"https:\/\/coursesdecotedalsace.fr\/index.php?rest_route=%2Fwp%2Fv2%2Fmedia&parent=83"}],"curies":[{"name":"wp","href":"https:\/\/api.w.org\/{rel}","templated":true}]}}