{"id":84,"date":"2024-10-12T13:08:35","date_gmt":"2024-10-12T11:08:35","guid":{"rendered":"https:\/\/coursesdecotedalsace.fr\/?page_id=84"},"modified":"2024-11-09T21:22:38","modified_gmt":"2024-11-09T20:22:38","slug":"1971-2","status":"publish","type":"page","link":"https:\/\/coursesdecotedalsace.fr\/?page_id=84","title":{"rendered":"1971"},"content":{"rendered":"\n<p>Jour de pluie en ce dimanche 6 juin 1971 mais un nouveau vainqueur helv\u00e8te en la personne de Jacques JOLIAT (Brabham BT23). Le champion de France en titre, Herv\u00e9 BAYARD, tente le tout pour le tout malgr\u00e9 des pneus inadapt\u00e9s aux conditions m\u00e9t\u00e9orologiques mais \u00e9choue \u00e0 7\/10\u00e8mes de son adversaire (2\u201909\u2019\u20197 contre 2\u201910\u2019\u20194). Hugues HAZARD (Porsche 910) monte sur la troisi\u00e8me marche du podium.<br>Superbe 6\u00e8me place au g\u00e9n\u00e9ral de l\u2019Opel Kadett Gr. 2 d\u2019Arthur BLANK.<\/p>\n\n\n\n<p>Scratch 1&nbsp;: Jacques JOLIAT (Brabham BT23)&nbsp;: 2\u201909\u2019\u20197<br>Scratch 2&nbsp;: Herv\u00e9 BAYARD (Tecno F2)&nbsp;: 2\u201910\u2019\u20194<br>Scratch 3&nbsp;: Hugues HAZARD (Porsche 910)&nbsp;: 2\u201911\u2019\u20190<br>Groupe 1&nbsp;: Wolfgang WASSERMANN (Chevrolet Camaro)&nbsp;: 2\u201936\u2019\u20198<br>Groupe 2&nbsp;: Arthur BLANK (Opel Kadett)&nbsp;: 2\u201923\u2019\u20199<br>Groupe 3&nbsp;: Francis ROUSSELY (Alpine A110)&nbsp;: 2\u201933\u2019\u20196<br>Groupe 4&nbsp;: Fritz KOENIG (Alpine A110)&nbsp;: 2\u201925\u2019\u20198<br>Groupe 5\/6\/7&nbsp;: Hugues HAZARD (Porsche 910)&nbsp;: 2\u201911\u2019\u20190<br>Groupe 8\/9&nbsp;: Jacques JOLIAT (Brabham BT23)&nbsp;: 2\u201909\u2019\u20197<\/p>\n\n\n\n<div class=\"wp-block-file\"><a id=\"wp-block-file--media-79b25789-94b4-4218-9388-8bc3128e25f7\" href=\"https:\/\/coursesdecotedalsace.fr\/wp-content\/uploads\/2024\/11\/Classement-1971-Wissembourg.pdf\" target=\"_blank\" rel=\"noreferrer noopener\">Classement 1971 Wissembourg<\/a><\/div>\n","protected":false},"excerpt":{"rendered":"<p>Jour de pluie en ce dimanche 6 juin 1971 mais un nouveau vainqueur helv\u00e8te en la personne de Jacques JOLIAT (Brabham BT23). Le champion de France en titre, Herv\u00e9 BAYARD, tente le tout pour le tout malgr\u00e9 des pneus inadapt\u00e9s aux conditions m\u00e9t\u00e9orologiques mais \u00e9choue \u00e0 7\/10\u00e8mes de son adversaire (2\u201909\u2019\u20197 contre 2\u201910\u2019\u20194). Hugues HAZARD [&hellip;]<\/p>\n","protected":false},"author":1,"featured_media":0,"parent":16,"menu_order":0,"comment_status":"closed","ping_status":"closed","template":"","meta":{"footnotes":""},"class_list":["post-84","page","type-page","status-publish","hentry"],"_links":{"self":[{"href":"https:\/\/coursesdecotedalsace.fr\/index.php?rest_route=\/wp\/v2\/pages\/84","targetHints":{"allow":["GET"]}}],"collection":[{"href":"https:\/\/coursesdecotedalsace.fr\/index.php?rest_route=\/wp\/v2\/pages"}],"about":[{"href":"https:\/\/coursesdecotedalsace.fr\/index.php?rest_route=\/wp\/v2\/types\/page"}],"author":[{"embeddable":true,"href":"https:\/\/coursesdecotedalsace.fr\/index.php?rest_route=\/wp\/v2\/users\/1"}],"replies":[{"embeddable":true,"href":"https:\/\/coursesdecotedalsace.fr\/index.php?rest_route=%2Fwp%2Fv2%2Fcomments&post=84"}],"version-history":[{"count":2,"href":"https:\/\/coursesdecotedalsace.fr\/index.php?rest_route=\/wp\/v2\/pages\/84\/revisions"}],"predecessor-version":[{"id":405,"href":"https:\/\/coursesdecotedalsace.fr\/index.php?rest_route=\/wp\/v2\/pages\/84\/revisions\/405"}],"up":[{"embeddable":true,"href":"https:\/\/coursesdecotedalsace.fr\/index.php?rest_route=\/wp\/v2\/pages\/16"}],"wp:attachment":[{"href":"https:\/\/coursesdecotedalsace.fr\/index.php?rest_route=%2Fwp%2Fv2%2Fmedia&parent=84"}],"curies":[{"name":"wp","href":"https:\/\/api.w.org\/{rel}","templated":true}]}}