{"id":85,"date":"2024-10-12T13:08:35","date_gmt":"2024-10-12T11:08:35","guid":{"rendered":"https:\/\/coursesdecotedalsace.fr\/?page_id=85"},"modified":"2024-11-09T21:23:10","modified_gmt":"2024-11-09T20:23:10","slug":"1972-2","status":"publish","type":"page","link":"https:\/\/coursesdecotedalsace.fr\/?page_id=85","title":{"rendered":"1972"},"content":{"rendered":"\n<p>Enfin une victoire fran\u00e7aise apr\u00e8s 5 ann\u00e9es de domination suisse avec la premi\u00e8re place de Pierre SOUKRY et de sa Mc Laren. Cerise sur le g\u00e2teau, il am\u00e9liore le record de 1\/10\u00e8me&nbsp;! (1\u201958\u2019\u20191). Jacques JOLIAT, le vainqueur de l\u2019an dernier, \u00e9choue \u00e0 4\/10\u00e8mes de seconde. Jacques HENRY (Porsche 907) monte sur la derni\u00e8re marche du podium tout en s\u2019adjugeant le groupe 5\/7.<br>Belles victoires alsaciennes en groupe 3 et 4 gr\u00e2ce aux Porsche 911 de Hubert STRIEBIG et de Dominique THIRY.<\/p>\n\n\n\n<p>Scratch 1&nbsp;: Pierre SOUKRY (Mc Laren)&nbsp;: 1\u201958\u2019\u20191<br>Scratch 2&nbsp;: Jacques JOLIAT (March)&nbsp;: 1\u201958\u2019\u20195<br>Scratch 3&nbsp;: Jacques HENRY (Porsche 907)&nbsp;: 2\u201904\u2019\u20197<br>Groupe 1&nbsp;: Wolfgang WASSERMANN (Chevrolet Camaro)&nbsp;: 2\u201929\u2019\u20195<br>Groupe 2&nbsp;: Walter GERMANN (BMW 2002)&nbsp;: 2\u201921\u2019\u20194<br>Groupe 3&nbsp;: Hubert STRIEBIG (Porsche 911)&nbsp;: 2\u201922\u2019\u20195<br>Groupe 4&nbsp;: Dominique THIRY (Porsche 911)&nbsp;: 2\u201913\u2019\u20199<br>Groupe 5\/7&nbsp;: Jacques HENRY (Porsche 907)&nbsp;: 2\u201904\u2019\u20197<br>Groupe 8\/9&nbsp;: Pierre SOUKRY (Mc Laren)&nbsp;: 1\u201958\u2019\u20191<\/p>\n\n\n\n<div class=\"wp-block-file\"><a id=\"wp-block-file--media-0c5c248a-5b48-4ecb-b107-f22d3275fb3b\" href=\"https:\/\/coursesdecotedalsace.fr\/wp-content\/uploads\/2024\/11\/Classement-1972-Wissembourg.pdf\" target=\"_blank\" rel=\"noreferrer noopener\">Classement 1972 Wissembourg<\/a><\/div>\n\n\n\n<p><\/p>\n","protected":false},"excerpt":{"rendered":"<p>Enfin une victoire fran\u00e7aise apr\u00e8s 5 ann\u00e9es de domination suisse avec la premi\u00e8re place de Pierre SOUKRY et de sa Mc Laren. Cerise sur le g\u00e2teau, il am\u00e9liore le record de 1\/10\u00e8me&nbsp;! (1\u201958\u2019\u20191). Jacques JOLIAT, le vainqueur de l\u2019an dernier, \u00e9choue \u00e0 4\/10\u00e8mes de seconde. Jacques HENRY (Porsche 907) monte sur la derni\u00e8re marche du [&hellip;]<\/p>\n","protected":false},"author":1,"featured_media":0,"parent":16,"menu_order":0,"comment_status":"closed","ping_status":"closed","template":"","meta":{"footnotes":""},"class_list":["post-85","page","type-page","status-publish","hentry"],"_links":{"self":[{"href":"https:\/\/coursesdecotedalsace.fr\/index.php?rest_route=\/wp\/v2\/pages\/85","targetHints":{"allow":["GET"]}}],"collection":[{"href":"https:\/\/coursesdecotedalsace.fr\/index.php?rest_route=\/wp\/v2\/pages"}],"about":[{"href":"https:\/\/coursesdecotedalsace.fr\/index.php?rest_route=\/wp\/v2\/types\/page"}],"author":[{"embeddable":true,"href":"https:\/\/coursesdecotedalsace.fr\/index.php?rest_route=\/wp\/v2\/users\/1"}],"replies":[{"embeddable":true,"href":"https:\/\/coursesdecotedalsace.fr\/index.php?rest_route=%2Fwp%2Fv2%2Fcomments&post=85"}],"version-history":[{"count":2,"href":"https:\/\/coursesdecotedalsace.fr\/index.php?rest_route=\/wp\/v2\/pages\/85\/revisions"}],"predecessor-version":[{"id":406,"href":"https:\/\/coursesdecotedalsace.fr\/index.php?rest_route=\/wp\/v2\/pages\/85\/revisions\/406"}],"up":[{"embeddable":true,"href":"https:\/\/coursesdecotedalsace.fr\/index.php?rest_route=\/wp\/v2\/pages\/16"}],"wp:attachment":[{"href":"https:\/\/coursesdecotedalsace.fr\/index.php?rest_route=%2Fwp%2Fv2%2Fmedia&parent=85"}],"curies":[{"name":"wp","href":"https:\/\/api.w.org\/{rel}","templated":true}]}}