{"id":88,"date":"2024-10-12T13:08:35","date_gmt":"2024-10-12T11:08:35","guid":{"rendered":"https:\/\/coursesdecotedalsace.fr\/?page_id=88"},"modified":"2024-11-09T21:24:49","modified_gmt":"2024-11-09T20:24:49","slug":"1975-2","status":"publish","type":"page","link":"https:\/\/coursesdecotedalsace.fr\/?page_id=88","title":{"rendered":"1975"},"content":{"rendered":"\n<p>Pour des raisons de s\u00e9curit\u00e9 seules les voitures dites \u00ab&nbsp;ferm\u00e9es&nbsp;\u00bb sont autoris\u00e9es \u00e0 concourir ce qui a une incidence sur le nombre de participants r\u00e9duit \u00e0 66 pilotes. L\u2019occasion est trop belle pour le wissembourgeois Hubert STRIEBIG de s\u2019imposer sur ses terres, ce qu\u2019il ne manque pas de faire au volant de sa Porsche 911. Les suisses Nicolas BUEHRER (Ferrari Daytona Gr. 4) et Jean-Claude BERING (Porsche 911 Gr 3) terminent aux deuxi\u00e8me et troisi\u00e8me places.<\/p>\n\n\n\n<p>Scratch 1&nbsp;: Hubert STRIEBIG (Porsche 911)&nbsp;: 2\u201902\u2019\u201958<br>Scratch 2&nbsp;: Nicolas BUEHRER (Ferrari Daytona)&nbsp;: 2\u201909\u2019\u201933<br>Scratch 3&nbsp;: Jean-Claude BERING (Porsche 911 Gr 3)&nbsp;: 2\u201910\u2019\u201935<br>Groupe 1&nbsp;: Georges BEYER (BMW 30 CSI)&nbsp;: 2\u201923\u2019\u201999<br>Groupe 2&nbsp;: Claude RICHE (Ford Escort)&nbsp;: 2\u201911\u2019\u201971<br>Groupe 3&nbsp;: Jean-Claude BERING (Porsche 911 Gr 3)&nbsp;: 2\u201910\u2019\u201935<br>Groupe 4&nbsp;: Hubert STRIEBIG (Porsche 911)&nbsp;: 2\u201902\u2019\u201958<\/p>\n\n\n\n<div class=\"wp-block-file\"><a id=\"wp-block-file--media-9aec29f1-ac8a-408f-843d-c767577456df\" href=\"https:\/\/coursesdecotedalsace.fr\/wp-content\/uploads\/2024\/11\/Classement-1975-Wissembourg.pdf\" target=\"_blank\" rel=\"noreferrer noopener\">Classement 1975 Wissembourg<\/a><\/div>\n","protected":false},"excerpt":{"rendered":"<p>Pour des raisons de s\u00e9curit\u00e9 seules les voitures dites \u00ab&nbsp;ferm\u00e9es&nbsp;\u00bb sont autoris\u00e9es \u00e0 concourir ce qui a une incidence sur le nombre de participants r\u00e9duit \u00e0 66 pilotes. L\u2019occasion est trop belle pour le wissembourgeois Hubert STRIEBIG de s\u2019imposer sur ses terres, ce qu\u2019il ne manque pas de faire au volant de sa Porsche 911. [&hellip;]<\/p>\n","protected":false},"author":1,"featured_media":0,"parent":16,"menu_order":0,"comment_status":"closed","ping_status":"closed","template":"","meta":{"footnotes":""},"class_list":["post-88","page","type-page","status-publish","hentry"],"_links":{"self":[{"href":"https:\/\/coursesdecotedalsace.fr\/index.php?rest_route=\/wp\/v2\/pages\/88","targetHints":{"allow":["GET"]}}],"collection":[{"href":"https:\/\/coursesdecotedalsace.fr\/index.php?rest_route=\/wp\/v2\/pages"}],"about":[{"href":"https:\/\/coursesdecotedalsace.fr\/index.php?rest_route=\/wp\/v2\/types\/page"}],"author":[{"embeddable":true,"href":"https:\/\/coursesdecotedalsace.fr\/index.php?rest_route=\/wp\/v2\/users\/1"}],"replies":[{"embeddable":true,"href":"https:\/\/coursesdecotedalsace.fr\/index.php?rest_route=%2Fwp%2Fv2%2Fcomments&post=88"}],"version-history":[{"count":2,"href":"https:\/\/coursesdecotedalsace.fr\/index.php?rest_route=\/wp\/v2\/pages\/88\/revisions"}],"predecessor-version":[{"id":409,"href":"https:\/\/coursesdecotedalsace.fr\/index.php?rest_route=\/wp\/v2\/pages\/88\/revisions\/409"}],"up":[{"embeddable":true,"href":"https:\/\/coursesdecotedalsace.fr\/index.php?rest_route=\/wp\/v2\/pages\/16"}],"wp:attachment":[{"href":"https:\/\/coursesdecotedalsace.fr\/index.php?rest_route=%2Fwp%2Fv2%2Fmedia&parent=88"}],"curies":[{"name":"wp","href":"https:\/\/api.w.org\/{rel}","templated":true}]}}