{"id":92,"date":"2024-10-12T13:08:35","date_gmt":"2024-10-12T11:08:35","guid":{"rendered":"https:\/\/coursesdecotedalsace.fr\/?page_id=92"},"modified":"2024-11-09T21:26:47","modified_gmt":"2024-11-09T20:26:47","slug":"1979-2","status":"publish","type":"page","link":"https:\/\/coursesdecotedalsace.fr\/?page_id=92","title":{"rendered":"1979"},"content":{"rendered":"\n<p>Cette \u00e9dition parcourue sous un temps maussade est remport\u00e9e par un pilote quasi inconnu d\u00e9nomm\u00e9 Marcel TARRES qui est \u00e0 l\u2019aube d\u2019une grande carri\u00e8re qui lui permettra de cumuler 10 titres de champion de France de la Montagne. Malgr\u00e9 la m\u00e9t\u00e9o d\u00e9favorable il signe le nouveau record de l\u2019\u00e9preuve en 1\u201946\u2019\u201978. Christian DEBIAS (Martini MK26) et Freddy ROLAND (Ralt RT1) sont ses dauphins.<\/p>\n\n\n\n<p>Scratch 1&nbsp;: Marcel TARRES&nbsp;(Ralt RT1)&nbsp;: 1\u201946\u2019\u201978<br>Scratch 2&nbsp;: Christian DEBIAS (Martini MK26)&nbsp;: 1\u201948\u2019\u201934<br>Scratch 3&nbsp;: Freddy ROLAND (Ralt RT1)&nbsp;: 1\u201949\u2019\u201979<br>Groupe 1&nbsp;: Wolfgang WASSERMANN (Chevrolet Camaro)&nbsp;: 2\u201920\u2019\u201995<br>Groupe 2&nbsp;: G\u00e9rard MARCHAL (Ford Escort)&nbsp;: 2\u201915\u2019\u201927<br>Groupe 3&nbsp;: Hubert GREBMAYER (Porsche Carrera)&nbsp;: 2\u201918\u2019\u201980<br>Groupe 4&nbsp;: Nicolas BUEHRER (Ferrari Daytona)&nbsp;: 2\u201908\u2019\u201968<br>Groupe 5&nbsp;: Valentin BERTAPELLE (Porsche Carrera)&nbsp;: 2\u201900\u2019\u201939<br>Groupe 6&nbsp;: Herv\u00e9 BAYARD (Lola T297)&nbsp;: 1\u201955\u2019\u201907<br>Groupe 7\/8&nbsp;: Marcel TARRES&nbsp;(Ralt RT1)&nbsp;: 1\u201946\u2019\u201978<\/p>\n\n\n\n<div class=\"wp-block-file\"><a id=\"wp-block-file--media-2addafdd-d91c-4809-829d-c9ede066cca4\" href=\"https:\/\/coursesdecotedalsace.fr\/wp-content\/uploads\/2024\/11\/Classement-1979-Wissembourg.pdf\" target=\"_blank\" rel=\"noreferrer noopener\">Classement 1979 Wissembourg<\/a><\/div>\n","protected":false},"excerpt":{"rendered":"<p>Cette \u00e9dition parcourue sous un temps maussade est remport\u00e9e par un pilote quasi inconnu d\u00e9nomm\u00e9 Marcel TARRES qui est \u00e0 l\u2019aube d\u2019une grande carri\u00e8re qui lui permettra de cumuler 10 titres de champion de France de la Montagne. Malgr\u00e9 la m\u00e9t\u00e9o d\u00e9favorable il signe le nouveau record de l\u2019\u00e9preuve en 1\u201946\u2019\u201978. Christian DEBIAS (Martini MK26) [&hellip;]<\/p>\n","protected":false},"author":1,"featured_media":0,"parent":16,"menu_order":0,"comment_status":"closed","ping_status":"closed","template":"","meta":{"footnotes":""},"class_list":["post-92","page","type-page","status-publish","hentry"],"_links":{"self":[{"href":"https:\/\/coursesdecotedalsace.fr\/index.php?rest_route=\/wp\/v2\/pages\/92","targetHints":{"allow":["GET"]}}],"collection":[{"href":"https:\/\/coursesdecotedalsace.fr\/index.php?rest_route=\/wp\/v2\/pages"}],"about":[{"href":"https:\/\/coursesdecotedalsace.fr\/index.php?rest_route=\/wp\/v2\/types\/page"}],"author":[{"embeddable":true,"href":"https:\/\/coursesdecotedalsace.fr\/index.php?rest_route=\/wp\/v2\/users\/1"}],"replies":[{"embeddable":true,"href":"https:\/\/coursesdecotedalsace.fr\/index.php?rest_route=%2Fwp%2Fv2%2Fcomments&post=92"}],"version-history":[{"count":2,"href":"https:\/\/coursesdecotedalsace.fr\/index.php?rest_route=\/wp\/v2\/pages\/92\/revisions"}],"predecessor-version":[{"id":413,"href":"https:\/\/coursesdecotedalsace.fr\/index.php?rest_route=\/wp\/v2\/pages\/92\/revisions\/413"}],"up":[{"embeddable":true,"href":"https:\/\/coursesdecotedalsace.fr\/index.php?rest_route=\/wp\/v2\/pages\/16"}],"wp:attachment":[{"href":"https:\/\/coursesdecotedalsace.fr\/index.php?rest_route=%2Fwp%2Fv2%2Fmedia&parent=92"}],"curies":[{"name":"wp","href":"https:\/\/api.w.org\/{rel}","templated":true}]}}