{"id":93,"date":"2024-10-12T13:08:35","date_gmt":"2024-10-12T11:08:35","guid":{"rendered":"https:\/\/coursesdecotedalsace.fr\/?page_id=93"},"modified":"2024-11-09T21:27:13","modified_gmt":"2024-11-09T20:27:13","slug":"1980-2","status":"publish","type":"page","link":"https:\/\/coursesdecotedalsace.fr\/?page_id=93","title":{"rendered":"1980"},"content":{"rendered":"\n<p>Cela faisait longtemps qu\u2019un suisse ne s\u2019\u00e9tait impos\u00e9 \u00e0 Wissembourg (JOLIAT 1971) et Markus HOTZ a remis les coucous suisses \u00e0 l\u2019heure en s\u2019adjugeant la victoire et le record en prime (1\u201946\u2019\u201975). Karl BUESS permet m\u00eame \u00e0 la conf\u00e9d\u00e9ration helv\u00e9tique d\u2019assurer le doubl\u00e9. La troisi\u00e8me place est occup\u00e9e par la rare et authentique Porsche 935 Gr. 5 du luxembourgeois John LAGODNY.<\/p>\n\n\n\n<p>Scratch 1&nbsp;: Markus HOTZ (March 802)&nbsp;: 1\u201946\u2019\u201975<br>Scratch 2&nbsp;: Karl BUESS (Ralt RT1)&nbsp;: 1\u201952\u2019\u201980<br>Scratch 3&nbsp;: John LAGODNY (Porsche 935)&nbsp;: 1\u201954\u2019\u201962<br>Groupe 1&nbsp;: Wolfgang WASSERMANN (Chevrolet Camaro)&nbsp;: 2\u201916\u2019\u201947<br>Groupe 2&nbsp;: G\u00e9rard MARCHAL (Ford Escort)&nbsp;: 2\u201910\u2019\u201972<br>Groupe 3&nbsp;: G\u00e9rard BAUER (Alpine A110)&nbsp;: 2\u201919\u2019\u201988<br>Groupe 4&nbsp;: Roland TROMP (Alpine A110)&nbsp;: 2\u201921\u2019\u201958<br>Groupe 5&nbsp;: John LAGODNY (Porsche 935)&nbsp;: 1\u201954\u2019\u201962<br>Groupe 6&nbsp;: Hubert STRIEBIG (TOJ SC206)&nbsp;: 1\u201954\u2019\u201992<br>Groupe 7\/8&nbsp;: Markus HOTZ (March 802)&nbsp;: 1\u201946\u2019\u201975<\/p>\n\n\n\n<div class=\"wp-block-file\"><a id=\"wp-block-file--media-0f824b76-4b05-40e4-99ff-49fc66296a8a\" href=\"https:\/\/coursesdecotedalsace.fr\/wp-content\/uploads\/2024\/11\/Classement-1980-Wissembourg.pdf\" target=\"_blank\" rel=\"noreferrer noopener\">Classement 1980 Wissembourg<\/a><\/div>\n","protected":false},"excerpt":{"rendered":"<p>Cela faisait longtemps qu\u2019un suisse ne s\u2019\u00e9tait impos\u00e9 \u00e0 Wissembourg (JOLIAT 1971) et Markus HOTZ a remis les coucous suisses \u00e0 l\u2019heure en s\u2019adjugeant la victoire et le record en prime (1\u201946\u2019\u201975). Karl BUESS permet m\u00eame \u00e0 la conf\u00e9d\u00e9ration helv\u00e9tique d\u2019assurer le doubl\u00e9. La troisi\u00e8me place est occup\u00e9e par la rare et authentique Porsche 935 [&hellip;]<\/p>\n","protected":false},"author":1,"featured_media":0,"parent":16,"menu_order":0,"comment_status":"closed","ping_status":"closed","template":"","meta":{"footnotes":""},"class_list":["post-93","page","type-page","status-publish","hentry"],"_links":{"self":[{"href":"https:\/\/coursesdecotedalsace.fr\/index.php?rest_route=\/wp\/v2\/pages\/93","targetHints":{"allow":["GET"]}}],"collection":[{"href":"https:\/\/coursesdecotedalsace.fr\/index.php?rest_route=\/wp\/v2\/pages"}],"about":[{"href":"https:\/\/coursesdecotedalsace.fr\/index.php?rest_route=\/wp\/v2\/types\/page"}],"author":[{"embeddable":true,"href":"https:\/\/coursesdecotedalsace.fr\/index.php?rest_route=\/wp\/v2\/users\/1"}],"replies":[{"embeddable":true,"href":"https:\/\/coursesdecotedalsace.fr\/index.php?rest_route=%2Fwp%2Fv2%2Fcomments&post=93"}],"version-history":[{"count":2,"href":"https:\/\/coursesdecotedalsace.fr\/index.php?rest_route=\/wp\/v2\/pages\/93\/revisions"}],"predecessor-version":[{"id":414,"href":"https:\/\/coursesdecotedalsace.fr\/index.php?rest_route=\/wp\/v2\/pages\/93\/revisions\/414"}],"up":[{"embeddable":true,"href":"https:\/\/coursesdecotedalsace.fr\/index.php?rest_route=\/wp\/v2\/pages\/16"}],"wp:attachment":[{"href":"https:\/\/coursesdecotedalsace.fr\/index.php?rest_route=%2Fwp%2Fv2%2Fmedia&parent=93"}],"curies":[{"name":"wp","href":"https:\/\/api.w.org\/{rel}","templated":true}]}}